{"id":27278,"date":"2016-01-29T12:02:58","date_gmt":"2016-01-29T11:02:58","guid":{"rendered":"http:\/\/demo.pancevo.rs\/?page_id=27278&#038;lang=sk"},"modified":"2016-02-07T23:26:04","modified_gmt":"2016-02-07T22:26:04","slug":"miestne-kancelarie-na-uzemi-mesta-pancevo","status":"publish","type":"page","link":"https:\/\/www.pancevo.rs\/sk\/pancevo-mesto-prilezitosti\/miestne-kancelarie-na-uzemi-mesta-pancevo\/","title":{"rendered":"MIESTNE KANCEL\u00c1RIE NA \u00daZEM\u00cd MESTA PAN\u010cEVO"},"content":{"rendered":"<p>Miestne kancel\u00e1rie vykon\u00e1vaj\u00fa \u00fakony t\u00fdkaj\u00face sa osobn\u00e9ho stavu ob\u010danov (vedenie matr\u00edk a vyd\u00e1vanie v\u00fdpisov a osved\u010den\u00ed, vyhotovuje \u00famrtn\u00fd list, vykon\u00e1va s\u010d\u00edtanie majetku a in\u00e9.), zhroma\u017e\u010fuje a vn\u00e1\u0161a \u00fadaje na aktualiz\u00e1ciu voli\u010dsk\u00e9ho zoznamu, vykon\u00e1va osved\u010denie rukopisu, odpisov a podpisov, vyd\u00e1va osved\u010denia o skuto\u010dnostiach ako je ur\u010den\u00e9 v z\u00e1kone, vykon\u00e1va \u00fakony prij\u00edmacej kancel\u00e1rie, vykon\u00e1va administrat\u00edvno-technick\u00e9 a in\u00e9 \u00falohy zhroma\u017edenia ob\u010danov, vedie in\u00e9 evidencie ako je ur\u010den\u00e9 z\u00e1konom a in\u00fdmi predpismi (o de\u0165och vo veku nav\u0161tevova\u0165 z\u00e1kladn\u00fa \u0161kolu, o dlhopisoch miestn\u00e9ho samozdanenia a podobne), poskytuje odborn\u00fa pomoc v postupe vyjadrovania ob\u010danov o miestnom samozdanen\u00ed a poskytuje odborn\u00fa pomoc miestn\u00fdm spolo\u010denstv\u00e1m.<br \/>\nMiestne kancel\u00e1rie m\u00f4\u017eu vykon\u00e1va\u0165 aj in\u00e9 \u00fakony, ktor\u00e9 im zver\u00ed Mestsk\u00e1 spr\u00e1va.<\/p>\n<p>V miestn\u00fdch kancel\u00e1riach sa m\u00f4\u017eu vykon\u00e1va\u0165 \u00fakony aj pre in\u00e9 org\u00e1ny, org\u00e1niz\u00e1cie a ustanovizne na podklade zmluvy, ktor\u00fa uzatv\u00e1ra n\u00e1\u010deln\u00edk Mestskej spr\u00e1vy, resp. osoba ktor\u00fa on opr\u00e1vni a org\u00e1ny, org\u00e1niz\u00e1cie a ustanovizne, za s\u00fahlas\u00fa Prim\u00e1tora.<br \/>\nMiestne kancel\u00e1rie m\u00f4\u017eu vykon\u00e1va\u0165 aj in\u00e9 \u00fakony, ktor\u00e9 im zver\u00ed Mestsk\u00e1 spr\u00e1va.<br \/>\nV miestnych kancel\u00e1ri\u00e1ch mo\u017eno vykon\u00e1va\u0165 \u00fakony pre in\u00e9 org\u00e1ny, org\u00e1niz\u00e1cie a ustanovizne na podklade zmluvy, ktor\u00fa uzatv\u00e1ra n\u00e1\u010deln\u00edk Mestskej spr\u00e1vy, resp. osoba ktor\u00fa on opr\u00e1vni a org\u00e1ny, org\u00e1niz\u00e1cie a ustanovizne, za s\u00fahlas\u00fa Prim\u00e1tora.<br \/>\nMiestna kancel\u00e1ria Glogonj &#8211; telef\u00f3n: 013\/627-002 Fax: 013\/627-011<br \/>\nMiesna kancel\u00e1ria Banatski Brestovac &#8211; telef\u00f3n &#8211; Fax: 013\/626-101, 013\/626-188<br \/>\nMiesna kancel\u00e1ria Omoljica \u2013 telef\u00f3n: 013\/617-001 Fax: 013\/617- 008<br \/>\nMiesna kancel\u00e1ria Ivanovo &#8211; telef\u00f3n: 013\/629-101 Fax: 013\/629-108<br \/>\nMiesna kancel\u00e1ria Dolovo \u2013 telef\u00f3n &#8211; Fax: 013\/2634-214<br \/>\nMiesna kancel\u00e1ria Banatsko Novo Selo &#8211; telef\u00f3n &#8211; Fax: 013\/615-051<br \/>\nMiesna kancel\u00e1ria Ka\u010darevo &#8211; telef\u00f3n: 013\/601-263 Fax: 013\/603-313<br \/>\nMiesna kancel\u00e1ria Jabuka \u2013 telef\u00f3n &#8211; Fax: 013\/2624-046<br \/>\nMiesna kancel\u00e1ria Star\u010devo &#8211;\u00a0 telef\u00f3n: 013\/631-001 Fax: 013\/631-144<\/p>\n<p>MIESTNE SPOLO\u010cENSTV\u00c1 NA \u00daZEM\u00cd MESTA PAN\u010cEVO<br \/>\n&#8211; MIESTNE SPOLO\u010cENSTVO BANATSKO NOVO SELO, ul. Mar\u0161ala Tita \u010d. 67, 26314 Banatsko Novo Selo, telef\u00f3n &#8211; fax: 615-051,<br \/>\n&#8211; MIESTNE SPOLO\u010cENSTVO &#8222;MITA VUKOSAVLJEV&#8220; DOLOVO&#8220;, Ul. Kralja Petra a \u010d. 5, 26227 Dolovo, telef\u00f3n &#8211; fax : 2634-214,<br \/>\n&#8211; MIESTNE SPOLO\u010cENSTVO STAR\u010cEVO, Pan\u010deva\u010dki put \u010d. 1, 26232 Star\u010devo, telef\u00f3n &#8211; fax: 631-144 a 631-001,<br \/>\n&#8211; MIESTNE SPOLO\u010cENSTVO OMOLJICA, Cara Du\u0161ana \u010d. 2, telef\u00f3n: 617-001, 26230 Omoljica, fax: 617-008, Du\u0161an Luki\u0107,<br \/>\n&#8211; MIESTNE SPOLO\u010cENSTVO BANATSKI BRESTOVAC, Ul. mar\u0161ala Tita \u010d. 4a, 26234 Banatski Brestovac, telef\u00f3n: 626-101,fax: 626188,<br \/>\n&#8211; MIESTNE SPOLO\u010cENSTVO IVANOVO, ul. Borisa Kidri\u010da \u010d. 9, 26233, telef\u00f3n -fax: 629-108 a 629-101,<br \/>\n&#8211; MIESTNE SPOLO\u010cENSTVO KA\u010cAREVO, Ul. mar\u0161ala Tita \u010d. 37, 26212 Ka\u010darevo, telef\u00f3n: 601-030, fax: 603-313,<br \/>\n&#8211; MIESTNE SPOLO\u010cENSTVO JABUKA, ul. Trg Borisa Kidri\u010da \u010d. 1, 26201 Jabuka, telef\u00f3n &#8211; fax: 2624-046,<br \/>\n&#8211; MIESTNE SPOLO\u010cENSTVO GLOGONJ, ul. Beomestoska \u010d. 7, 26202 Glogonj, telef\u00f3n &#8211; fax: 627-011,<br \/>\n&#8211; MIESTNE SPOLO\u010cENSTVO GORNJI GRAD PAN\u010cEVO, ul. Dimitrija Tucovi\u0107a 74, 26000 Pan\u010devo, telef\u00f3n &#8211; fax: 351-016,<br \/>\n&#8211; MIESTNE SPOLO\u010cENSTVO KOTE\u017d PAN\u010cEVO, ul. Bra\u0107e Jovanovi\u0107a bb, 26000 Pan\u010devo telef\u00f3n &#8211; fax: 314-710,<br \/>\n&#8211; MIESTNE SPOLO\u010cENSTVO CENTAR PAN\u010cEVO, M. Gorkog \u010d. 25, 26000 Pan\u010devo telef\u00f3n -fax: 353-523,<br \/>\n&#8211; MIESTNE SPOLO\u010cENSTVO TESLA PANE\u010cVO, ul. Lava Tolstoja \u010d. 78b, 26000 Pan\u010devo, telef\u00f3n &#8211; fax: 2515-066,<br \/>\n&#8211; MIESTNE SPOLO\u010cENSTVO STRELI\u0160TE PAN\u010cEVO, Veljka Vlahovi\u0107a \u010d. 19, 26000 Pan\u010devo, telef\u00f3n &#8211; fax: 315-808,<br \/>\n&#8211; MIESTNE SPOLO\u010cENSTVO VOJLOVICA, PAN\u010cEVO, Trg XII Vojvo\u0111anske brigade \u010d. 5, 26000 Pan\u010devo, telef\u00f3n &#8211; fax: 366-178,<br \/>\n&#8211; MIESTNE SPOLO\u010cENSTVO STARI TAMI\u0160 PAN\u010cEVO, ul. Kestenova \u010d. 4, 26000 Pan\u010devo, telef\u00f3n: 2638-155,<br \/>\n&#8211; MIESTNE SPOLO\u010cENSTVO MLADOST PAN\u010cEVO, ul. Jastreba\u010dka \u010d. 5, 26000 Pan\u010devo, telef\u00f3n: 372-427<br \/>\n\u017diadosti s potrebnou dokument\u00e1ciou, na podklade ktor\u00fdch kon\u00e1 Sekretari\u00e1t pre v\u0161eobecn\u00fa spr\u00e1vu nach\u00e1dzaj\u00fa sa na internetovej adrese: http:\/\/www.pancevo.rs\/sekretarijat_za_op\u0161tu_upravu<\/p>\n","protected":false},"excerpt":{"rendered":"<p>Miestne kancel\u00e1rie vykon\u00e1vaj\u00fa \u00fakony t\u00fdkaj\u00face sa osobn\u00e9ho stavu ob\u010danov (vedenie matr\u00edk a vyd\u00e1vanie v\u00fdpisov a osved\u010den\u00ed, vyhotovuje \u00famrtn\u00fd list, vykon\u00e1va s\u010d\u00edtanie majetku a in\u00e9.), zhroma\u017e\u010fuje a vn\u00e1\u0161a \u00fadaje na aktualiz\u00e1ciu voli\u010dsk\u00e9ho zoznamu, vykon\u00e1va osved\u010denie rukopisu, odpisov a podpisov, vyd\u00e1va osved\u010denia o skuto\u010dnostiach ako je ur\u010den\u00e9 v z\u00e1kone, vykon\u00e1va \u00fakony prij\u00edmacej kancel\u00e1rie, vykon\u00e1va administrat\u00edvno-technick\u00e9 a in\u00e9 \u00falohy zhroma\u017edenia ob\u010danov, vedie in\u00e9 evidencie ako je ur\u010den\u00e9 z\u00e1konom a in\u00fdmi predpismi (o de\u0165och vo veku nav\u0161tevova\u0165 z\u00e1kladn\u00fa \u0161kolu, o dlhopisoch miestn\u00e9ho samozdanenia a podobne), poskytuje odborn\u00fa pomoc v postupe vyjadrovania ob\u010danov o miestnom samozdanen\u00ed a poskytuje odborn\u00fa pomoc miestn\u00fdm spolo\u010denstv\u00e1m. Miestne kancel\u00e1rie m\u00f4\u017eu vykon\u00e1va\u0165 aj in\u00e9 \u00fakony, ktor\u00e9 im zver\u00ed Mestsk\u00e1 spr\u00e1va. V miestn\u00fdch kancel\u00e1riach sa m\u00f4\u017eu vykon\u00e1va\u0165 \u00fakony aj pre in\u00e9 org\u00e1ny, org\u00e1niz\u00e1cie a ustanovizne na podklade zmluvy, ktor\u00fa uzatv\u00e1ra n\u00e1\u010deln\u00edk Mestskej spr\u00e1vy, resp. osoba ktor\u00fa on opr\u00e1vni a org\u00e1ny, org\u00e1niz\u00e1cie a ustanovizne, za s\u00fahlas\u00fa Prim\u00e1tora. Miestne kancel\u00e1rie m\u00f4\u017eu vykon\u00e1va\u0165 aj in\u00e9<\/p>\n","protected":false},"author":12,"featured_media":0,"parent":22085,"menu_order":0,"comment_status":"closed","ping_status":"closed","template":"","meta":{"_cbd_carousel_blocks":"[]","footnotes":""},"class_list":["post-27278","page","type-page","status-publish","hentry"],"yoast_head":"<!-- This site is optimized with the Yoast SEO plugin v26.4 - https:\/\/yoast.com\/wordpress\/plugins\/seo\/ -->\n<title>MIESTNE KANCEL\u00c1RIE NA \u00daZEM\u00cd MESTA PAN\u010cEVO - \u0413\u0440\u0430\u0434 \u041f\u0430\u043d\u0447\u0435\u0432\u043e<\/title>\n<meta name=\"robots\" content=\"index, follow, max-snippet:-1, max-image-preview:large, max-video-preview:-1\" \/>\n<link rel=\"canonical\" href=\"https:\/\/www.pancevo.rs\/sk\/pancevo-mesto-prilezitosti\/miestne-kancelarie-na-uzemi-mesta-pancevo\/\" \/>\n<meta property=\"og:locale\" content=\"sk_SK\" \/>\n<meta property=\"og:type\" content=\"article\" \/>\n<meta property=\"og:title\" content=\"MIESTNE KANCEL\u00c1RIE NA \u00daZEM\u00cd MESTA PAN\u010cEVO - \u0413\u0440\u0430\u0434 \u041f\u0430\u043d\u0447\u0435\u0432\u043e\" \/>\n<meta property=\"og:description\" content=\"Miestne kancel\u00e1rie vykon\u00e1vaj\u00fa \u00fakony t\u00fdkaj\u00face sa osobn\u00e9ho stavu ob\u010danov (vedenie matr\u00edk a vyd\u00e1vanie v\u00fdpisov a osved\u010den\u00ed, vyhotovuje \u00famrtn\u00fd list, vykon\u00e1va s\u010d\u00edtanie majetku a in\u00e9.), zhroma\u017e\u010fuje a vn\u00e1\u0161a \u00fadaje na aktualiz\u00e1ciu voli\u010dsk\u00e9ho zoznamu, vykon\u00e1va osved\u010denie rukopisu, odpisov a podpisov, vyd\u00e1va osved\u010denia o skuto\u010dnostiach ako je ur\u010den\u00e9 v z\u00e1kone, vykon\u00e1va \u00fakony prij\u00edmacej kancel\u00e1rie, vykon\u00e1va administrat\u00edvno-technick\u00e9 a in\u00e9 \u00falohy zhroma\u017edenia ob\u010danov, vedie in\u00e9 evidencie ako je ur\u010den\u00e9 z\u00e1konom a in\u00fdmi predpismi (o de\u0165och vo veku nav\u0161tevova\u0165 z\u00e1kladn\u00fa \u0161kolu, o dlhopisoch miestn\u00e9ho samozdanenia a podobne), poskytuje odborn\u00fa pomoc v postupe vyjadrovania ob\u010danov o miestnom samozdanen\u00ed a poskytuje odborn\u00fa pomoc miestn\u00fdm spolo\u010denstv\u00e1m. Miestne kancel\u00e1rie m\u00f4\u017eu vykon\u00e1va\u0165 aj in\u00e9 \u00fakony, ktor\u00e9 im zver\u00ed Mestsk\u00e1 spr\u00e1va. V miestn\u00fdch kancel\u00e1riach sa m\u00f4\u017eu vykon\u00e1va\u0165 \u00fakony aj pre in\u00e9 org\u00e1ny, org\u00e1niz\u00e1cie a ustanovizne na podklade zmluvy, ktor\u00fa uzatv\u00e1ra n\u00e1\u010deln\u00edk Mestskej spr\u00e1vy, resp. osoba ktor\u00fa on opr\u00e1vni a org\u00e1ny, org\u00e1niz\u00e1cie a ustanovizne, za s\u00fahlas\u00fa Prim\u00e1tora. Miestne kancel\u00e1rie m\u00f4\u017eu vykon\u00e1va\u0165 aj in\u00e9\" \/>\n<meta property=\"og:url\" content=\"https:\/\/www.pancevo.rs\/sk\/pancevo-mesto-prilezitosti\/miestne-kancelarie-na-uzemi-mesta-pancevo\/\" \/>\n<meta property=\"og:site_name\" content=\"\u0413\u0440\u0430\u0434 \u041f\u0430\u043d\u0447\u0435\u0432\u043e\" \/>\n<meta property=\"article:modified_time\" content=\"2016-02-07T22:26:04+00:00\" \/>\n<meta name=\"twitter:card\" content=\"summary_large_image\" \/>\n<meta name=\"twitter:label1\" content=\"Predpokladan\u00fd \u010das \u010d\u00edtania\" \/>\n\t<meta name=\"twitter:data1\" content=\"3 min\u00faty\" \/>\n<script type=\"application\/ld+json\" class=\"yoast-schema-graph\">{\"@context\":\"https:\/\/schema.org\",\"@graph\":[{\"@type\":\"WebPage\",\"@id\":\"https:\/\/www.pancevo.rs\/sk\/pancevo-mesto-prilezitosti\/miestne-kancelarie-na-uzemi-mesta-pancevo\/\",\"url\":\"https:\/\/www.pancevo.rs\/sk\/pancevo-mesto-prilezitosti\/miestne-kancelarie-na-uzemi-mesta-pancevo\/\",\"name\":\"MIESTNE KANCEL\u00c1RIE NA \u00daZEM\u00cd MESTA PAN\u010cEVO - \u0413\u0440\u0430\u0434 \u041f\u0430\u043d\u0447\u0435\u0432\u043e\",\"isPartOf\":{\"@id\":\"https:\/\/www.pancevo.rs\/bg\/#website\"},\"datePublished\":\"2016-01-29T11:02:58+00:00\",\"dateModified\":\"2016-02-07T22:26:04+00:00\",\"breadcrumb\":{\"@id\":\"https:\/\/www.pancevo.rs\/sk\/pancevo-mesto-prilezitosti\/miestne-kancelarie-na-uzemi-mesta-pancevo\/#breadcrumb\"},\"inLanguage\":\"sk-SK\",\"potentialAction\":[{\"@type\":\"ReadAction\",\"target\":[\"https:\/\/www.pancevo.rs\/sk\/pancevo-mesto-prilezitosti\/miestne-kancelarie-na-uzemi-mesta-pancevo\/\"]}]},{\"@type\":\"BreadcrumbList\",\"@id\":\"https:\/\/www.pancevo.rs\/sk\/pancevo-mesto-prilezitosti\/miestne-kancelarie-na-uzemi-mesta-pancevo\/#breadcrumb\",\"itemListElement\":[{\"@type\":\"ListItem\",\"position\":1,\"name\":\"Home\",\"item\":\"https:\/\/www.pancevo.rs\/sk\/\"},{\"@type\":\"ListItem\",\"position\":2,\"name\":\"PAN\u010cEVO \u2013 mesto pr\u00edle\u017eitost\u00ed\",\"item\":\"https:\/\/www.pancevo.rs\/sk\/\"},{\"@type\":\"ListItem\",\"position\":3,\"name\":\"MIESTNE KANCEL\u00c1RIE NA \u00daZEM\u00cd MESTA PAN\u010cEVO\"}]},{\"@type\":\"WebSite\",\"@id\":\"https:\/\/www.pancevo.rs\/bg\/#website\",\"url\":\"https:\/\/www.pancevo.rs\/bg\/\",\"name\":\"\u0413\u0440\u0430\u0434 \u041f\u0430\u043d\u0447\u0435\u0432\u043e\",\"description\":\"\u0417\u0432\u0430\u043d\u0438\u0447\u043d\u0430 \u043f\u0440\u0435\u0437\u0435\u043d\u0442\u0430\u0446\u0438\u0458\u0430 \u0413\u0440\u0430\u0434\u0430 \u041f\u0430\u043d\u0447\u0435\u0432\u0430\",\"potentialAction\":[{\"@type\":\"SearchAction\",\"target\":{\"@type\":\"EntryPoint\",\"urlTemplate\":\"https:\/\/www.pancevo.rs\/bg\/?s={search_term_string}\"},\"query-input\":{\"@type\":\"PropertyValueSpecification\",\"valueRequired\":true,\"valueName\":\"search_term_string\"}}],\"inLanguage\":\"sk-SK\"}]}<\/script>\n<!-- \/ Yoast SEO plugin. -->","yoast_head_json":{"title":"MIESTNE KANCEL\u00c1RIE NA \u00daZEM\u00cd MESTA PAN\u010cEVO - \u0413\u0440\u0430\u0434 \u041f\u0430\u043d\u0447\u0435\u0432\u043e","robots":{"index":"index","follow":"follow","max-snippet":"max-snippet:-1","max-image-preview":"max-image-preview:large","max-video-preview":"max-video-preview:-1"},"canonical":"https:\/\/www.pancevo.rs\/sk\/pancevo-mesto-prilezitosti\/miestne-kancelarie-na-uzemi-mesta-pancevo\/","og_locale":"sk_SK","og_type":"article","og_title":"MIESTNE KANCEL\u00c1RIE NA \u00daZEM\u00cd MESTA PAN\u010cEVO - \u0413\u0440\u0430\u0434 \u041f\u0430\u043d\u0447\u0435\u0432\u043e","og_description":"Miestne kancel\u00e1rie vykon\u00e1vaj\u00fa \u00fakony t\u00fdkaj\u00face sa osobn\u00e9ho stavu ob\u010danov (vedenie matr\u00edk a vyd\u00e1vanie v\u00fdpisov a osved\u010den\u00ed, vyhotovuje \u00famrtn\u00fd list, vykon\u00e1va s\u010d\u00edtanie majetku a in\u00e9.), zhroma\u017e\u010fuje a vn\u00e1\u0161a \u00fadaje na aktualiz\u00e1ciu voli\u010dsk\u00e9ho zoznamu, vykon\u00e1va osved\u010denie rukopisu, odpisov a podpisov, vyd\u00e1va osved\u010denia o skuto\u010dnostiach ako je ur\u010den\u00e9 v z\u00e1kone, vykon\u00e1va \u00fakony prij\u00edmacej kancel\u00e1rie, vykon\u00e1va administrat\u00edvno-technick\u00e9 a in\u00e9 \u00falohy zhroma\u017edenia ob\u010danov, vedie in\u00e9 evidencie ako je ur\u010den\u00e9 z\u00e1konom a in\u00fdmi predpismi (o de\u0165och vo veku nav\u0161tevova\u0165 z\u00e1kladn\u00fa \u0161kolu, o dlhopisoch miestn\u00e9ho samozdanenia a podobne), poskytuje odborn\u00fa pomoc v postupe vyjadrovania ob\u010danov o miestnom samozdanen\u00ed a poskytuje odborn\u00fa pomoc miestn\u00fdm spolo\u010denstv\u00e1m. Miestne kancel\u00e1rie m\u00f4\u017eu vykon\u00e1va\u0165 aj in\u00e9 \u00fakony, ktor\u00e9 im zver\u00ed Mestsk\u00e1 spr\u00e1va. V miestn\u00fdch kancel\u00e1riach sa m\u00f4\u017eu vykon\u00e1va\u0165 \u00fakony aj pre in\u00e9 org\u00e1ny, org\u00e1niz\u00e1cie a ustanovizne na podklade zmluvy, ktor\u00fa uzatv\u00e1ra n\u00e1\u010deln\u00edk Mestskej spr\u00e1vy, resp. osoba ktor\u00fa on opr\u00e1vni a org\u00e1ny, org\u00e1niz\u00e1cie a ustanovizne, za s\u00fahlas\u00fa Prim\u00e1tora. Miestne kancel\u00e1rie m\u00f4\u017eu vykon\u00e1va\u0165 aj in\u00e9","og_url":"https:\/\/www.pancevo.rs\/sk\/pancevo-mesto-prilezitosti\/miestne-kancelarie-na-uzemi-mesta-pancevo\/","og_site_name":"\u0413\u0440\u0430\u0434 \u041f\u0430\u043d\u0447\u0435\u0432\u043e","article_modified_time":"2016-02-07T22:26:04+00:00","twitter_card":"summary_large_image","twitter_misc":{"Predpokladan\u00fd \u010das \u010d\u00edtania":"3 min\u00faty"},"schema":{"@context":"https:\/\/schema.org","@graph":[{"@type":"WebPage","@id":"https:\/\/www.pancevo.rs\/sk\/pancevo-mesto-prilezitosti\/miestne-kancelarie-na-uzemi-mesta-pancevo\/","url":"https:\/\/www.pancevo.rs\/sk\/pancevo-mesto-prilezitosti\/miestne-kancelarie-na-uzemi-mesta-pancevo\/","name":"MIESTNE KANCEL\u00c1RIE NA \u00daZEM\u00cd MESTA PAN\u010cEVO - \u0413\u0440\u0430\u0434 \u041f\u0430\u043d\u0447\u0435\u0432\u043e","isPartOf":{"@id":"https:\/\/www.pancevo.rs\/bg\/#website"},"datePublished":"2016-01-29T11:02:58+00:00","dateModified":"2016-02-07T22:26:04+00:00","breadcrumb":{"@id":"https:\/\/www.pancevo.rs\/sk\/pancevo-mesto-prilezitosti\/miestne-kancelarie-na-uzemi-mesta-pancevo\/#breadcrumb"},"inLanguage":"sk-SK","potentialAction":[{"@type":"ReadAction","target":["https:\/\/www.pancevo.rs\/sk\/pancevo-mesto-prilezitosti\/miestne-kancelarie-na-uzemi-mesta-pancevo\/"]}]},{"@type":"BreadcrumbList","@id":"https:\/\/www.pancevo.rs\/sk\/pancevo-mesto-prilezitosti\/miestne-kancelarie-na-uzemi-mesta-pancevo\/#breadcrumb","itemListElement":[{"@type":"ListItem","position":1,"name":"Home","item":"https:\/\/www.pancevo.rs\/sk\/"},{"@type":"ListItem","position":2,"name":"PAN\u010cEVO \u2013 mesto pr\u00edle\u017eitost\u00ed","item":"https:\/\/www.pancevo.rs\/sk\/"},{"@type":"ListItem","position":3,"name":"MIESTNE KANCEL\u00c1RIE NA \u00daZEM\u00cd MESTA PAN\u010cEVO"}]},{"@type":"WebSite","@id":"https:\/\/www.pancevo.rs\/bg\/#website","url":"https:\/\/www.pancevo.rs\/bg\/","name":"\u0413\u0440\u0430\u0434 \u041f\u0430\u043d\u0447\u0435\u0432\u043e","description":"\u0417\u0432\u0430\u043d\u0438\u0447\u043d\u0430 \u043f\u0440\u0435\u0437\u0435\u043d\u0442\u0430\u0446\u0438\u0458\u0430 \u0413\u0440\u0430\u0434\u0430 \u041f\u0430\u043d\u0447\u0435\u0432\u0430","potentialAction":[{"@type":"SearchAction","target":{"@type":"EntryPoint","urlTemplate":"https:\/\/www.pancevo.rs\/bg\/?s={search_term_string}"},"query-input":{"@type":"PropertyValueSpecification","valueRequired":true,"valueName":"search_term_string"}}],"inLanguage":"sk-SK"}]}},"_links":{"self":[{"href":"https:\/\/www.pancevo.rs\/sk\/wp-json\/wp\/v2\/pages\/27278\/"}],"collection":[{"href":"https:\/\/www.pancevo.rs\/sk\/wp-json\/wp\/v2\/pages\/"}],"about":[{"href":"https:\/\/www.pancevo.rs\/sk\/wp-json\/wp\/v2\/types\/page\/"}],"author":[{"embeddable":true,"href":"https:\/\/www.pancevo.rs\/sk\/wp-json\/wp\/v2\/users\/12\/"}],"replies":[{"embeddable":true,"href":"https:\/\/www.pancevo.rs\/sk\/wp-json\/wp\/v2\/comments\/?post=27278"}],"version-history":[{"count":0,"href":"https:\/\/www.pancevo.rs\/sk\/wp-json\/wp\/v2\/pages\/27278\/revisions\/"}],"up":[{"embeddable":true,"href":"https:\/\/www.pancevo.rs\/sk\/wp-json\/wp\/v2\/pages\/22085\/"}],"wp:attachment":[{"href":"https:\/\/www.pancevo.rs\/sk\/wp-json\/wp\/v2\/media\/?parent=27278"}],"curies":[{"name":"wp","href":"https:\/\/api.w.org\/{rel}","templated":true}]}}