{"id":27276,"date":"2016-01-29T12:02:16","date_gmt":"2016-01-29T11:02:16","guid":{"rendered":"http:\/\/demo.pancevo.rs\/?page_id=27276&#038;lang=sk"},"modified":"2016-02-07T23:25:25","modified_gmt":"2016-02-07T22:25:25","slug":"organizacna-struktura","status":"publish","type":"page","link":"https:\/\/www.pancevo.rs\/sk\/pancevo-mesto-prilezitosti\/organizacna-struktura\/","title":{"rendered":"ORGANIZA\u010cN\u00c1 \u0160TRUKT\u00daRA"},"content":{"rendered":"<p>Mestsk\u00e1 spr\u00e1va mesta Pan\u010devo je utvoren\u00e1 ako jednotn\u00fd org\u00e1n, v\u00a0r\u00e1mci ktor\u00e9ho, ako osobitn\u00e9 organiza\u010dn\u00e9 jednotky, funguj\u00fa:<br \/>\n\u2013 Kabinet prim\u00e1tora<br \/>\n\u2013 8 sekretari\u00e1tov ( pre v\u0161eobecn\u00fa spr\u00e1vu; pre z\u00e1le\u017eitost\u00ed zhroma\u017edenia, pre z\u00e1le\u017eitosti prim\u00e1tora a mestskej rady; pre verejn\u00e9 slu\u017eby a soci\u00e1lne ot\u00e1zky; pre urbanizmus a stavebn\u00e9 a bytovo-komun\u00e1lne z\u00e1le\u017eitost\u00ed; pre hospod\u00e1rstvo a ekonomick\u00fd rozvoj; pre da\u0148ov\u00fa administr\u00e1ciu; pre po\u013enohospod\u00e1rstvo, vidiek a rur\u00e1lny rozvoj a in\u0161pek\u010dn\u00e9 slu\u017eby);<br \/>\n\u2013 3 agent\u00fary (pre verejn\u00e9 obstar\u00e1vania, pre dopravu a pre spr\u00e1vu majetku);<br \/>\n\u2013 Slu\u017eba spolo\u010dn\u00fdch z\u00e1le\u017eitost\u00ed;<br \/>\n\u2013 Komun\u00e1lna pol\u00edcia;<br \/>\nKv\u00f4li zve\u013eadeniu pr\u00e1ce a moderniz\u00e1cii Mestskej spr\u00e1vy ako i kv\u00f4li zlep\u0161eniu kvality slu\u017eieb, ktor\u00e9 tento org\u00e1n poskytuje ob\u010danom Pan\u010deva, v j\u00fani roku 2009 otvorili Mestsk\u00e9 servisn\u00e9 centrum \u2013 ve\u013ek\u00fa sie\u0148 s 22 \u00faradn\u00edckych okienok, ktor\u00e9 sa nach\u00e1dzaj\u00fa v zrekon\u0161truovanom priestore, v pr\u00edzemi Mestskej spr\u00e1vy. Pracovn\u00fd \u010das Mestsk\u00e9ho servisn\u00e9ho centra je po\u010das pracovn\u00fdch dn\u00ed od 8 do 15 hodiny, a inform\u00e1cie poskytuj\u00fa aj telefonicky na tel. \u010d\u00edslo 013\/311-211 alebo na e-mail: usluznicentar@pancevo.rs.<br \/>\nNa nasleduj\u00facich stran\u00e1ch tejto bro\u017e\u00farky m\u00f4\u017eete zisti\u0165, ktor\u00e9 s\u00fa kompetencie, opr\u00e1vnenia a povinnosti ka\u017ed\u00e9ho zo sekretari\u00e1tov, agent\u00fary alebo komun\u00e1lnej pol\u00edcie. V\u010faka tomuto preh\u013eadn\u00e9mu a jasn\u00e9mu sprievodcovi m\u00f4\u017eete naj\u013eah\u0161ie a najr\u00fdchlej\u0161ie pr\u00eds\u0165 po inform\u00e1cie o tom, v ktorej organiza\u010dnej jednotky Mestskej spr\u00e1vy, kedy a ako m\u00f4\u017eete zrealizova\u0165 hociktor\u00e9 svoje pr\u00e1vo z ich kompetenci\u00ed.<br \/>\nTento sprievodca V\u00e1m pom\u00f4\u017ee, ak sa chcete zap\u00edsa\u0165 do voli\u010dsk\u00e9ho zoznamu, ak si chcete otvori\u0165 pracovn\u00fa kni\u017eku, dosta\u0165 v\u00fdpis z matri\u010dn\u00fdch kn\u00edh alebo stavebn\u00e9 povolenie, uzavrie\u0165 man\u017eelstvo, zlo\u017ei\u0165 sk\u00fa\u0161ku pre vykon\u00e1vanie tax\u00edkovej prepravy, pred\u00cd\u017ei\u0165 pracovn\u00fd \u010das svojho pohostinsk\u00e9ho podniku, z\u00edska\u0165 pr\u00e1vo na odklad platenia da\u0148ov\u00e9ho dlhu at\u010f. Tu je uveden\u00e1 iba mal\u00e1 \u010das\u0165 pr\u00e1v, ktor\u00fdch sa ob\u010dania Pan\u010deva m\u00f4\u017eu do\u017eadova\u0165 v Mestskej spr\u00e1ve.<br \/>\nPodrobnej\u0161\u00ed zoznam kompetenci\u00ed v\u0161etk\u00fdch orgniza\u010dn\u00fdch jednotiek, s opisom proced\u00far a in\u00fdmi d\u00f4le\u017eit\u00fdmi \u00fadajmi, vyh\u013eadajte na stran\u00e1ch, ktor\u00e9 nasleduj\u00fa.<\/p>\n","protected":false},"excerpt":{"rendered":"<p>Mestsk\u00e1 spr\u00e1va mesta Pan\u010devo je utvoren\u00e1 ako jednotn\u00fd org\u00e1n, v\u00a0r\u00e1mci ktor\u00e9ho, ako osobitn\u00e9 organiza\u010dn\u00e9 jednotky, funguj\u00fa: \u2013 Kabinet prim\u00e1tora \u2013 8 sekretari\u00e1tov ( pre v\u0161eobecn\u00fa spr\u00e1vu; pre z\u00e1le\u017eitost\u00ed zhroma\u017edenia, pre z\u00e1le\u017eitosti prim\u00e1tora a mestskej rady; pre verejn\u00e9 slu\u017eby a soci\u00e1lne ot\u00e1zky; pre urbanizmus a stavebn\u00e9 a bytovo-komun\u00e1lne z\u00e1le\u017eitost\u00ed; pre hospod\u00e1rstvo a ekonomick\u00fd rozvoj; pre da\u0148ov\u00fa administr\u00e1ciu; pre po\u013enohospod\u00e1rstvo, vidiek a rur\u00e1lny rozvoj a in\u0161pek\u010dn\u00e9 slu\u017eby); \u2013 3 agent\u00fary (pre verejn\u00e9 obstar\u00e1vania, pre dopravu a pre spr\u00e1vu majetku); \u2013 Slu\u017eba spolo\u010dn\u00fdch z\u00e1le\u017eitost\u00ed; \u2013 Komun\u00e1lna pol\u00edcia; Kv\u00f4li zve\u013eadeniu pr\u00e1ce a moderniz\u00e1cii Mestskej spr\u00e1vy ako i kv\u00f4li zlep\u0161eniu kvality slu\u017eieb, ktor\u00e9 tento org\u00e1n poskytuje ob\u010danom Pan\u010deva, v j\u00fani roku 2009 otvorili Mestsk\u00e9 servisn\u00e9 centrum \u2013 ve\u013ek\u00fa sie\u0148 s 22 \u00faradn\u00edckych okienok, ktor\u00e9 sa nach\u00e1dzaj\u00fa v zrekon\u0161truovanom priestore, v pr\u00edzemi Mestskej spr\u00e1vy. Pracovn\u00fd \u010das Mestsk\u00e9ho servisn\u00e9ho centra je po\u010das pracovn\u00fdch dn\u00ed od 8 do 15 hodiny, a inform\u00e1cie poskytuj\u00fa aj telefonicky na tel. \u010d\u00edslo<\/p>\n","protected":false},"author":12,"featured_media":0,"parent":22085,"menu_order":0,"comment_status":"closed","ping_status":"closed","template":"","meta":{"_cbd_carousel_blocks":"[]","footnotes":""},"class_list":["post-27276","page","type-page","status-publish","hentry"],"yoast_head":"<!-- This site is optimized with the Yoast SEO plugin v26.4 - https:\/\/yoast.com\/wordpress\/plugins\/seo\/ -->\n<title>ORGANIZA\u010cN\u00c1 \u0160TRUKT\u00daRA - \u0413\u0440\u0430\u0434 \u041f\u0430\u043d\u0447\u0435\u0432\u043e<\/title>\n<meta name=\"robots\" content=\"index, follow, max-snippet:-1, max-image-preview:large, max-video-preview:-1\" \/>\n<link rel=\"canonical\" href=\"https:\/\/www.pancevo.rs\/sk\/pancevo-mesto-prilezitosti\/organizacna-struktura\/\" \/>\n<meta property=\"og:locale\" content=\"sk_SK\" \/>\n<meta property=\"og:type\" content=\"article\" \/>\n<meta property=\"og:title\" content=\"ORGANIZA\u010cN\u00c1 \u0160TRUKT\u00daRA - \u0413\u0440\u0430\u0434 \u041f\u0430\u043d\u0447\u0435\u0432\u043e\" \/>\n<meta property=\"og:description\" content=\"Mestsk\u00e1 spr\u00e1va mesta Pan\u010devo je utvoren\u00e1 ako jednotn\u00fd org\u00e1n, v\u00a0r\u00e1mci ktor\u00e9ho, ako osobitn\u00e9 organiza\u010dn\u00e9 jednotky, funguj\u00fa: \u2013 Kabinet prim\u00e1tora \u2013 8 sekretari\u00e1tov ( pre v\u0161eobecn\u00fa spr\u00e1vu; pre z\u00e1le\u017eitost\u00ed zhroma\u017edenia, pre z\u00e1le\u017eitosti prim\u00e1tora a mestskej rady; pre verejn\u00e9 slu\u017eby a soci\u00e1lne ot\u00e1zky; pre urbanizmus a stavebn\u00e9 a bytovo-komun\u00e1lne z\u00e1le\u017eitost\u00ed; pre hospod\u00e1rstvo a ekonomick\u00fd rozvoj; pre da\u0148ov\u00fa administr\u00e1ciu; pre po\u013enohospod\u00e1rstvo, vidiek a rur\u00e1lny rozvoj a in\u0161pek\u010dn\u00e9 slu\u017eby); \u2013 3 agent\u00fary (pre verejn\u00e9 obstar\u00e1vania, pre dopravu a pre spr\u00e1vu majetku); \u2013 Slu\u017eba spolo\u010dn\u00fdch z\u00e1le\u017eitost\u00ed; \u2013 Komun\u00e1lna pol\u00edcia; Kv\u00f4li zve\u013eadeniu pr\u00e1ce a moderniz\u00e1cii Mestskej spr\u00e1vy ako i kv\u00f4li zlep\u0161eniu kvality slu\u017eieb, ktor\u00e9 tento org\u00e1n poskytuje ob\u010danom Pan\u010deva, v j\u00fani roku 2009 otvorili Mestsk\u00e9 servisn\u00e9 centrum \u2013 ve\u013ek\u00fa sie\u0148 s 22 \u00faradn\u00edckych okienok, ktor\u00e9 sa nach\u00e1dzaj\u00fa v zrekon\u0161truovanom priestore, v pr\u00edzemi Mestskej spr\u00e1vy. Pracovn\u00fd \u010das Mestsk\u00e9ho servisn\u00e9ho centra je po\u010das pracovn\u00fdch dn\u00ed od 8 do 15 hodiny, a inform\u00e1cie poskytuj\u00fa aj telefonicky na tel. \u010d\u00edslo\" \/>\n<meta property=\"og:url\" content=\"https:\/\/www.pancevo.rs\/sk\/pancevo-mesto-prilezitosti\/organizacna-struktura\/\" \/>\n<meta property=\"og:site_name\" content=\"\u0413\u0440\u0430\u0434 \u041f\u0430\u043d\u0447\u0435\u0432\u043e\" \/>\n<meta property=\"article:modified_time\" content=\"2016-02-07T22:25:25+00:00\" \/>\n<meta name=\"twitter:card\" content=\"summary_large_image\" \/>\n<meta name=\"twitter:label1\" content=\"Predpokladan\u00fd \u010das \u010d\u00edtania\" \/>\n\t<meta name=\"twitter:data1\" content=\"2 min\u00faty\" \/>\n<script type=\"application\/ld+json\" class=\"yoast-schema-graph\">{\"@context\":\"https:\/\/schema.org\",\"@graph\":[{\"@type\":\"WebPage\",\"@id\":\"https:\/\/www.pancevo.rs\/sk\/pancevo-mesto-prilezitosti\/organizacna-struktura\/\",\"url\":\"https:\/\/www.pancevo.rs\/sk\/pancevo-mesto-prilezitosti\/organizacna-struktura\/\",\"name\":\"ORGANIZA\u010cN\u00c1 \u0160TRUKT\u00daRA - \u0413\u0440\u0430\u0434 \u041f\u0430\u043d\u0447\u0435\u0432\u043e\",\"isPartOf\":{\"@id\":\"https:\/\/www.pancevo.rs\/bg\/#website\"},\"datePublished\":\"2016-01-29T11:02:16+00:00\",\"dateModified\":\"2016-02-07T22:25:25+00:00\",\"breadcrumb\":{\"@id\":\"https:\/\/www.pancevo.rs\/sk\/pancevo-mesto-prilezitosti\/organizacna-struktura\/#breadcrumb\"},\"inLanguage\":\"sk-SK\",\"potentialAction\":[{\"@type\":\"ReadAction\",\"target\":[\"https:\/\/www.pancevo.rs\/sk\/pancevo-mesto-prilezitosti\/organizacna-struktura\/\"]}]},{\"@type\":\"BreadcrumbList\",\"@id\":\"https:\/\/www.pancevo.rs\/sk\/pancevo-mesto-prilezitosti\/organizacna-struktura\/#breadcrumb\",\"itemListElement\":[{\"@type\":\"ListItem\",\"position\":1,\"name\":\"Home\",\"item\":\"https:\/\/www.pancevo.rs\/sk\/\"},{\"@type\":\"ListItem\",\"position\":2,\"name\":\"PAN\u010cEVO \u2013 mesto pr\u00edle\u017eitost\u00ed\",\"item\":\"https:\/\/www.pancevo.rs\/sk\/\"},{\"@type\":\"ListItem\",\"position\":3,\"name\":\"ORGANIZA\u010cN\u00c1 \u0160TRUKT\u00daRA\"}]},{\"@type\":\"WebSite\",\"@id\":\"https:\/\/www.pancevo.rs\/bg\/#website\",\"url\":\"https:\/\/www.pancevo.rs\/bg\/\",\"name\":\"\u0413\u0440\u0430\u0434 \u041f\u0430\u043d\u0447\u0435\u0432\u043e\",\"description\":\"\u0417\u0432\u0430\u043d\u0438\u0447\u043d\u0430 \u043f\u0440\u0435\u0437\u0435\u043d\u0442\u0430\u0446\u0438\u0458\u0430 \u0413\u0440\u0430\u0434\u0430 \u041f\u0430\u043d\u0447\u0435\u0432\u0430\",\"potentialAction\":[{\"@type\":\"SearchAction\",\"target\":{\"@type\":\"EntryPoint\",\"urlTemplate\":\"https:\/\/www.pancevo.rs\/bg\/?s={search_term_string}\"},\"query-input\":{\"@type\":\"PropertyValueSpecification\",\"valueRequired\":true,\"valueName\":\"search_term_string\"}}],\"inLanguage\":\"sk-SK\"}]}<\/script>\n<!-- \/ Yoast SEO plugin. -->","yoast_head_json":{"title":"ORGANIZA\u010cN\u00c1 \u0160TRUKT\u00daRA - \u0413\u0440\u0430\u0434 \u041f\u0430\u043d\u0447\u0435\u0432\u043e","robots":{"index":"index","follow":"follow","max-snippet":"max-snippet:-1","max-image-preview":"max-image-preview:large","max-video-preview":"max-video-preview:-1"},"canonical":"https:\/\/www.pancevo.rs\/sk\/pancevo-mesto-prilezitosti\/organizacna-struktura\/","og_locale":"sk_SK","og_type":"article","og_title":"ORGANIZA\u010cN\u00c1 \u0160TRUKT\u00daRA - \u0413\u0440\u0430\u0434 \u041f\u0430\u043d\u0447\u0435\u0432\u043e","og_description":"Mestsk\u00e1 spr\u00e1va mesta Pan\u010devo je utvoren\u00e1 ako jednotn\u00fd org\u00e1n, v\u00a0r\u00e1mci ktor\u00e9ho, ako osobitn\u00e9 organiza\u010dn\u00e9 jednotky, funguj\u00fa: \u2013 Kabinet prim\u00e1tora \u2013 8 sekretari\u00e1tov ( pre v\u0161eobecn\u00fa spr\u00e1vu; pre z\u00e1le\u017eitost\u00ed zhroma\u017edenia, pre z\u00e1le\u017eitosti prim\u00e1tora a mestskej rady; pre verejn\u00e9 slu\u017eby a soci\u00e1lne ot\u00e1zky; pre urbanizmus a stavebn\u00e9 a bytovo-komun\u00e1lne z\u00e1le\u017eitost\u00ed; pre hospod\u00e1rstvo a ekonomick\u00fd rozvoj; pre da\u0148ov\u00fa administr\u00e1ciu; pre po\u013enohospod\u00e1rstvo, vidiek a rur\u00e1lny rozvoj a in\u0161pek\u010dn\u00e9 slu\u017eby); \u2013 3 agent\u00fary (pre verejn\u00e9 obstar\u00e1vania, pre dopravu a pre spr\u00e1vu majetku); \u2013 Slu\u017eba spolo\u010dn\u00fdch z\u00e1le\u017eitost\u00ed; \u2013 Komun\u00e1lna pol\u00edcia; Kv\u00f4li zve\u013eadeniu pr\u00e1ce a moderniz\u00e1cii Mestskej spr\u00e1vy ako i kv\u00f4li zlep\u0161eniu kvality slu\u017eieb, ktor\u00e9 tento org\u00e1n poskytuje ob\u010danom Pan\u010deva, v j\u00fani roku 2009 otvorili Mestsk\u00e9 servisn\u00e9 centrum \u2013 ve\u013ek\u00fa sie\u0148 s 22 \u00faradn\u00edckych okienok, ktor\u00e9 sa nach\u00e1dzaj\u00fa v zrekon\u0161truovanom priestore, v pr\u00edzemi Mestskej spr\u00e1vy. Pracovn\u00fd \u010das Mestsk\u00e9ho servisn\u00e9ho centra je po\u010das pracovn\u00fdch dn\u00ed od 8 do 15 hodiny, a inform\u00e1cie poskytuj\u00fa aj telefonicky na tel. \u010d\u00edslo","og_url":"https:\/\/www.pancevo.rs\/sk\/pancevo-mesto-prilezitosti\/organizacna-struktura\/","og_site_name":"\u0413\u0440\u0430\u0434 \u041f\u0430\u043d\u0447\u0435\u0432\u043e","article_modified_time":"2016-02-07T22:25:25+00:00","twitter_card":"summary_large_image","twitter_misc":{"Predpokladan\u00fd \u010das \u010d\u00edtania":"2 min\u00faty"},"schema":{"@context":"https:\/\/schema.org","@graph":[{"@type":"WebPage","@id":"https:\/\/www.pancevo.rs\/sk\/pancevo-mesto-prilezitosti\/organizacna-struktura\/","url":"https:\/\/www.pancevo.rs\/sk\/pancevo-mesto-prilezitosti\/organizacna-struktura\/","name":"ORGANIZA\u010cN\u00c1 \u0160TRUKT\u00daRA - \u0413\u0440\u0430\u0434 \u041f\u0430\u043d\u0447\u0435\u0432\u043e","isPartOf":{"@id":"https:\/\/www.pancevo.rs\/bg\/#website"},"datePublished":"2016-01-29T11:02:16+00:00","dateModified":"2016-02-07T22:25:25+00:00","breadcrumb":{"@id":"https:\/\/www.pancevo.rs\/sk\/pancevo-mesto-prilezitosti\/organizacna-struktura\/#breadcrumb"},"inLanguage":"sk-SK","potentialAction":[{"@type":"ReadAction","target":["https:\/\/www.pancevo.rs\/sk\/pancevo-mesto-prilezitosti\/organizacna-struktura\/"]}]},{"@type":"BreadcrumbList","@id":"https:\/\/www.pancevo.rs\/sk\/pancevo-mesto-prilezitosti\/organizacna-struktura\/#breadcrumb","itemListElement":[{"@type":"ListItem","position":1,"name":"Home","item":"https:\/\/www.pancevo.rs\/sk\/"},{"@type":"ListItem","position":2,"name":"PAN\u010cEVO \u2013 mesto pr\u00edle\u017eitost\u00ed","item":"https:\/\/www.pancevo.rs\/sk\/"},{"@type":"ListItem","position":3,"name":"ORGANIZA\u010cN\u00c1 \u0160TRUKT\u00daRA"}]},{"@type":"WebSite","@id":"https:\/\/www.pancevo.rs\/bg\/#website","url":"https:\/\/www.pancevo.rs\/bg\/","name":"\u0413\u0440\u0430\u0434 \u041f\u0430\u043d\u0447\u0435\u0432\u043e","description":"\u0417\u0432\u0430\u043d\u0438\u0447\u043d\u0430 \u043f\u0440\u0435\u0437\u0435\u043d\u0442\u0430\u0446\u0438\u0458\u0430 \u0413\u0440\u0430\u0434\u0430 \u041f\u0430\u043d\u0447\u0435\u0432\u0430","potentialAction":[{"@type":"SearchAction","target":{"@type":"EntryPoint","urlTemplate":"https:\/\/www.pancevo.rs\/bg\/?s={search_term_string}"},"query-input":{"@type":"PropertyValueSpecification","valueRequired":true,"valueName":"search_term_string"}}],"inLanguage":"sk-SK"}]}},"_links":{"self":[{"href":"https:\/\/www.pancevo.rs\/sk\/wp-json\/wp\/v2\/pages\/27276\/"}],"collection":[{"href":"https:\/\/www.pancevo.rs\/sk\/wp-json\/wp\/v2\/pages\/"}],"about":[{"href":"https:\/\/www.pancevo.rs\/sk\/wp-json\/wp\/v2\/types\/page\/"}],"author":[{"embeddable":true,"href":"https:\/\/www.pancevo.rs\/sk\/wp-json\/wp\/v2\/users\/12\/"}],"replies":[{"embeddable":true,"href":"https:\/\/www.pancevo.rs\/sk\/wp-json\/wp\/v2\/comments\/?post=27276"}],"version-history":[{"count":0,"href":"https:\/\/www.pancevo.rs\/sk\/wp-json\/wp\/v2\/pages\/27276\/revisions\/"}],"up":[{"embeddable":true,"href":"https:\/\/www.pancevo.rs\/sk\/wp-json\/wp\/v2\/pages\/22085\/"}],"wp:attachment":[{"href":"https:\/\/www.pancevo.rs\/sk\/wp-json\/wp\/v2\/media\/?parent=27276"}],"curies":[{"name":"wp","href":"https:\/\/api.w.org\/{rel}","templated":true}]}}