{"id":84761,"date":"2020-04-23T10:32:06","date_gmt":"2020-04-23T08:32:06","guid":{"rendered":"http:\/\/www.pancevo.rs\/?page_id=84761"},"modified":"2020-05-06T07:20:20","modified_gmt":"2020-05-06T05:20:20","slug":"comandamentul-municipal-pentru-situatii-de-urgenta","status":"publish","type":"page","link":"https:\/\/www.pancevo.rs\/ro\/comandamentul-municipal-pentru-situatii-de-urgenta\/","title":{"rendered":"COMANDAMENTUL MUNICIPAL PENTRU SITUA\u021aII DE URGEN\u021a\u0102"},"content":{"rendered":"<p style=\"text-align: center;\"><a href=\"http:\/\/www.pancevo.rs\/sadrzaj\/uploads\/2020\/05\/04.05.2020.-HOT\u0102R\u00c2RE.pdf\">04.05.2020. HOT\u0102R\u00c2RE<\/a><\/p>\n<p style=\"text-align: center;\"><a href=\"http:\/\/www.pancevo.rs\/sadrzaj\/uploads\/2020\/05\/30.04.2020.-HOT\u0102R\u00c2RE.pdf\">30.04.2020. HOT\u0102R\u00c2RE<\/a><\/p>\n<p style=\"text-align: center;\"><a href=\"http:\/\/www.pancevo.rs\/sadrzaj\/uploads\/2020\/04\/24.04.2020.-HOT\u0102R\u00c2RE.pdf\">24.04.2020. HOT\u0102R\u00c2RE<\/a><\/p>\n<p style=\"text-align: center;\"><a href=\"http:\/\/www.pancevo.rs\/sadrzaj\/uploads\/2020\/04\/21.04.2020.-HOT\u0102R\u00c2RE.pdf\">21.04.2020. HOT\u0102R\u00c2RE<\/a><\/p>\n<p style=\"text-align: center;\"><a href=\"http:\/\/www.pancevo.rs\/sadrzaj\/uploads\/2020\/04\/20.04.2020.-ORDONAN\u021a\u0102.pdf\">20.04.2020. ORDONAN\u021a\u0102<\/a><\/p>\n<p style=\"text-align: center;\"><a href=\"http:\/\/www.pancevo.rs\/sadrzaj\/uploads\/2020\/04\/10.04.2020.-ORDONAN\u021a\u0102.pdf\">10.04.2020. ORDONAN\u021a\u0102<\/a><\/p>\n<p style=\"text-align: center;\"><a href=\"http:\/\/www.pancevo.rs\/sadrzaj\/uploads\/2020\/04\/30.3.2020.-ORDONAN\u021a\u0102.pdf\">30.03.2020. ORDONAN\u021a\u0102<\/a><\/p>\n<p style=\"text-align: center;\"><a href=\"http:\/\/www.pancevo.rs\/sadrzaj\/uploads\/2020\/04\/26.03.2020.-Recomandare.pdf\">26.03.2020. Recomandare<\/a><\/p>\n<p style=\"text-align: center;\"><a href=\"http:\/\/www.pancevo.rs\/sadrzaj\/uploads\/2020\/04\/20.3.2020.-ORDONAN\u021a\u0102.pdf\">20.03.2020. ORDONAN\u021a\u0102<\/a><\/p>\n","protected":false},"excerpt":{"rendered":"<p>04.05.2020. HOT\u0102R\u00c2RE 30.04.2020. HOT\u0102R\u00c2RE 24.04.2020. HOT\u0102R\u00c2RE 21.04.2020. HOT\u0102R\u00c2RE 20.04.2020. ORDONAN\u021a\u0102 10.04.2020. ORDONAN\u021a\u0102 30.03.2020. ORDONAN\u021a\u0102 26.03.2020. Recomandare 20.03.2020. ORDONAN\u021a\u0102<\/p>\n","protected":false},"author":36,"featured_media":0,"parent":0,"menu_order":0,"comment_status":"closed","ping_status":"closed","template":"","meta":{"_cbd_carousel_blocks":"[]","footnotes":""},"class_list":["post-84761","page","type-page","status-publish","hentry"],"yoast_head":"<!-- This site is optimized with the Yoast SEO plugin v26.4 - https:\/\/yoast.com\/wordpress\/plugins\/seo\/ -->\n<title>COMANDAMENTUL MUNICIPAL PENTRU SITUA\u021aII DE URGEN\u021a\u0102 - \u0413\u0440\u0430\u0434 \u041f\u0430\u043d\u0447\u0435\u0432\u043e<\/title>\n<meta name=\"robots\" content=\"index, follow, max-snippet:-1, max-image-preview:large, max-video-preview:-1\" \/>\n<link rel=\"canonical\" href=\"http:\/\/www.pancevo.rs\/ro\/comandamentul-municipal-pentru-situatii-de-urgenta\/\" \/>\n<meta property=\"og:locale\" content=\"ro_RO\" \/>\n<meta property=\"og:type\" content=\"article\" \/>\n<meta property=\"og:title\" content=\"COMANDAMENTUL MUNICIPAL PENTRU SITUA\u021aII DE URGEN\u021a\u0102 - \u0413\u0440\u0430\u0434 \u041f\u0430\u043d\u0447\u0435\u0432\u043e\" \/>\n<meta property=\"og:description\" content=\"04.05.2020. HOT\u0102R\u00c2RE 30.04.2020. HOT\u0102R\u00c2RE 24.04.2020. HOT\u0102R\u00c2RE 21.04.2020. HOT\u0102R\u00c2RE 20.04.2020. ORDONAN\u021a\u0102 10.04.2020. ORDONAN\u021a\u0102 30.03.2020. ORDONAN\u021a\u0102 26.03.2020. Recomandare 20.03.2020. ORDONAN\u021a\u0102\" \/>\n<meta property=\"og:url\" content=\"http:\/\/www.pancevo.rs\/ro\/comandamentul-municipal-pentru-situatii-de-urgenta\/\" \/>\n<meta property=\"og:site_name\" content=\"\u0413\u0440\u0430\u0434 \u041f\u0430\u043d\u0447\u0435\u0432\u043e\" \/>\n<meta property=\"article:modified_time\" content=\"2020-05-06T05:20:20+00:00\" \/>\n<meta name=\"twitter:card\" content=\"summary_large_image\" \/>\n<script type=\"application\/ld+json\" class=\"yoast-schema-graph\">{\"@context\":\"https:\/\/schema.org\",\"@graph\":[{\"@type\":\"WebPage\",\"@id\":\"http:\/\/www.pancevo.rs\/ro\/comandamentul-municipal-pentru-situatii-de-urgenta\/\",\"url\":\"http:\/\/www.pancevo.rs\/ro\/comandamentul-municipal-pentru-situatii-de-urgenta\/\",\"name\":\"COMANDAMENTUL MUNICIPAL PENTRU SITUA\u021aII DE URGEN\u021a\u0102 - \u0413\u0440\u0430\u0434 \u041f\u0430\u043d\u0447\u0435\u0432\u043e\",\"isPartOf\":{\"@id\":\"https:\/\/www.pancevo.rs\/bg\/#website\"},\"datePublished\":\"2020-04-23T08:32:06+00:00\",\"dateModified\":\"2020-05-06T05:20:20+00:00\",\"breadcrumb\":{\"@id\":\"http:\/\/www.pancevo.rs\/ro\/comandamentul-municipal-pentru-situatii-de-urgenta\/#breadcrumb\"},\"inLanguage\":\"ro-RO\",\"potentialAction\":[{\"@type\":\"ReadAction\",\"target\":[\"http:\/\/www.pancevo.rs\/ro\/comandamentul-municipal-pentru-situatii-de-urgenta\/\"]}]},{\"@type\":\"BreadcrumbList\",\"@id\":\"http:\/\/www.pancevo.rs\/ro\/comandamentul-municipal-pentru-situatii-de-urgenta\/#breadcrumb\",\"itemListElement\":[{\"@type\":\"ListItem\",\"position\":1,\"name\":\"Home\",\"item\":\"https:\/\/www.pancevo.rs\/ro\/\"},{\"@type\":\"ListItem\",\"position\":2,\"name\":\"COMANDAMENTUL MUNICIPAL PENTRU SITUA\u021aII DE URGEN\u021a\u0102\"}]},{\"@type\":\"WebSite\",\"@id\":\"https:\/\/www.pancevo.rs\/bg\/#website\",\"url\":\"https:\/\/www.pancevo.rs\/bg\/\",\"name\":\"\u0413\u0440\u0430\u0434 \u041f\u0430\u043d\u0447\u0435\u0432\u043e\",\"description\":\"\u0417\u0432\u0430\u043d\u0438\u0447\u043d\u0430 \u043f\u0440\u0435\u0437\u0435\u043d\u0442\u0430\u0446\u0438\u0458\u0430 \u0413\u0440\u0430\u0434\u0430 \u041f\u0430\u043d\u0447\u0435\u0432\u0430\",\"potentialAction\":[{\"@type\":\"SearchAction\",\"target\":{\"@type\":\"EntryPoint\",\"urlTemplate\":\"https:\/\/www.pancevo.rs\/bg\/?s={search_term_string}\"},\"query-input\":{\"@type\":\"PropertyValueSpecification\",\"valueRequired\":true,\"valueName\":\"search_term_string\"}}],\"inLanguage\":\"ro-RO\"}]}<\/script>\n<!-- \/ Yoast SEO plugin. -->","yoast_head_json":{"title":"COMANDAMENTUL MUNICIPAL PENTRU SITUA\u021aII DE URGEN\u021a\u0102 - \u0413\u0440\u0430\u0434 \u041f\u0430\u043d\u0447\u0435\u0432\u043e","robots":{"index":"index","follow":"follow","max-snippet":"max-snippet:-1","max-image-preview":"max-image-preview:large","max-video-preview":"max-video-preview:-1"},"canonical":"http:\/\/www.pancevo.rs\/ro\/comandamentul-municipal-pentru-situatii-de-urgenta\/","og_locale":"ro_RO","og_type":"article","og_title":"COMANDAMENTUL MUNICIPAL PENTRU SITUA\u021aII DE URGEN\u021a\u0102 - \u0413\u0440\u0430\u0434 \u041f\u0430\u043d\u0447\u0435\u0432\u043e","og_description":"04.05.2020. HOT\u0102R\u00c2RE 30.04.2020. HOT\u0102R\u00c2RE 24.04.2020. HOT\u0102R\u00c2RE 21.04.2020. HOT\u0102R\u00c2RE 20.04.2020. ORDONAN\u021a\u0102 10.04.2020. ORDONAN\u021a\u0102 30.03.2020. ORDONAN\u021a\u0102 26.03.2020. Recomandare 20.03.2020. ORDONAN\u021a\u0102","og_url":"http:\/\/www.pancevo.rs\/ro\/comandamentul-municipal-pentru-situatii-de-urgenta\/","og_site_name":"\u0413\u0440\u0430\u0434 \u041f\u0430\u043d\u0447\u0435\u0432\u043e","article_modified_time":"2020-05-06T05:20:20+00:00","twitter_card":"summary_large_image","schema":{"@context":"https:\/\/schema.org","@graph":[{"@type":"WebPage","@id":"http:\/\/www.pancevo.rs\/ro\/comandamentul-municipal-pentru-situatii-de-urgenta\/","url":"http:\/\/www.pancevo.rs\/ro\/comandamentul-municipal-pentru-situatii-de-urgenta\/","name":"COMANDAMENTUL MUNICIPAL PENTRU SITUA\u021aII DE URGEN\u021a\u0102 - \u0413\u0440\u0430\u0434 \u041f\u0430\u043d\u0447\u0435\u0432\u043e","isPartOf":{"@id":"https:\/\/www.pancevo.rs\/bg\/#website"},"datePublished":"2020-04-23T08:32:06+00:00","dateModified":"2020-05-06T05:20:20+00:00","breadcrumb":{"@id":"http:\/\/www.pancevo.rs\/ro\/comandamentul-municipal-pentru-situatii-de-urgenta\/#breadcrumb"},"inLanguage":"ro-RO","potentialAction":[{"@type":"ReadAction","target":["http:\/\/www.pancevo.rs\/ro\/comandamentul-municipal-pentru-situatii-de-urgenta\/"]}]},{"@type":"BreadcrumbList","@id":"http:\/\/www.pancevo.rs\/ro\/comandamentul-municipal-pentru-situatii-de-urgenta\/#breadcrumb","itemListElement":[{"@type":"ListItem","position":1,"name":"Home","item":"https:\/\/www.pancevo.rs\/ro\/"},{"@type":"ListItem","position":2,"name":"COMANDAMENTUL MUNICIPAL PENTRU SITUA\u021aII DE URGEN\u021a\u0102"}]},{"@type":"WebSite","@id":"https:\/\/www.pancevo.rs\/bg\/#website","url":"https:\/\/www.pancevo.rs\/bg\/","name":"\u0413\u0440\u0430\u0434 \u041f\u0430\u043d\u0447\u0435\u0432\u043e","description":"\u0417\u0432\u0430\u043d\u0438\u0447\u043d\u0430 \u043f\u0440\u0435\u0437\u0435\u043d\u0442\u0430\u0446\u0438\u0458\u0430 \u0413\u0440\u0430\u0434\u0430 \u041f\u0430\u043d\u0447\u0435\u0432\u0430","potentialAction":[{"@type":"SearchAction","target":{"@type":"EntryPoint","urlTemplate":"https:\/\/www.pancevo.rs\/bg\/?s={search_term_string}"},"query-input":{"@type":"PropertyValueSpecification","valueRequired":true,"valueName":"search_term_string"}}],"inLanguage":"ro-RO"}]}},"_links":{"self":[{"href":"https:\/\/www.pancevo.rs\/ro\/wp-json\/wp\/v2\/pages\/84761\/"}],"collection":[{"href":"https:\/\/www.pancevo.rs\/ro\/wp-json\/wp\/v2\/pages\/"}],"about":[{"href":"https:\/\/www.pancevo.rs\/ro\/wp-json\/wp\/v2\/types\/page\/"}],"author":[{"embeddable":true,"href":"https:\/\/www.pancevo.rs\/ro\/wp-json\/wp\/v2\/users\/36\/"}],"replies":[{"embeddable":true,"href":"https:\/\/www.pancevo.rs\/ro\/wp-json\/wp\/v2\/comments\/?post=84761"}],"version-history":[{"count":7,"href":"https:\/\/www.pancevo.rs\/ro\/wp-json\/wp\/v2\/pages\/84761\/revisions\/"}],"predecessor-version":[{"id":85438,"href":"https:\/\/www.pancevo.rs\/ro\/wp-json\/wp\/v2\/pages\/84761\/revisions\/85438\/"}],"wp:attachment":[{"href":"https:\/\/www.pancevo.rs\/ro\/wp-json\/wp\/v2\/media\/?parent=84761"}],"curies":[{"name":"wp","href":"https:\/\/api.w.org\/{rel}","templated":true}]}}