{"id":25491,"date":"2015-12-09T12:23:29","date_gmt":"2015-12-09T11:23:29","guid":{"rendered":"http:\/\/demo.pancevo.rs\/?page_id=25491"},"modified":"2018-01-28T21:22:16","modified_gmt":"2018-01-28T20:22:16","slug":"comunitatile-locale","status":"publish","type":"page","link":"https:\/\/www.pancevo.rs\/ro\/comunitatile-locale\/","title":{"rendered":"Comunit\u0103\u021bile locale"},"content":{"rendered":"<h4 style=\"text-align: justify;\">DEPARTAMENTUL PENTRU CANCELARIILE LOCALE \u015eI COMUNIT\u0102\u0162ILE LOCALE<\/h4>\n<p style=\"text-align: justify;\">CANCELARIILE LOCALE PE TERITORIUL ORA\u015eULUI PANCIOVA<\/p>\n<p style=\"text-align: justify;\">Cancelariile locale efectueaz\u0103 treburile care se refer\u0103 la st\u0103rile personale ale cet\u0103\u0163enilor (poart\u0103 registrele de stare civil\u0103 \u015fi emit certificate \u015fi extrase, \u00eentocmest actul de deces, efectueaz\u0103 inventarul bunurilor \u015fi altele), colecteaz\u0103 \u015fi remit datele privind actualizarea listei de aleg\u0103tori, efectueaz\u0103 autentificarea semn\u0103turii, transcriptelor \u015fi manuscriselor, realizeaz\u0103 treburile administrative \u2013 tehnice \u015fi alte treburi ale \u00eent\u00e2lnirilor cet\u0103\u021benilor, p\u0103strarea eviden\u0163elor \u015fi documentelor c\u00e2nd aceasta este cerut prin lege \u0219i prin alte reglement\u0103ri (pentru copii care au ajuns la v\u00e2rsta pentru a \u00eencepe frecventarea \u015fcolii generale, privind contribuabili la auto-contribu\u021bie, etc.), furnizarea asisten\u0163ei tehnice \u00een procesul de exprimare a cet\u0103\u021benilor privnd auto-contribu\u0163ia \u0219i acordarea de asisten\u021bei de specialitate pentru comunit\u0103\u021bile locale.<br \/>\nCancelariile locale pot efectua \u015fi alte treburi pe care le \u00eencredin\u0163eaz\u0103 Administra\u0163ia Municipal\u0103.<br \/>\nLa cancelariile locale se pot efectua \u015fi alte treburi pentru alte organe de stat, organiza\u0163ii \u015fi institu\u0163ii \u00een baza acordului \u00eencheiat \u00eentre \u015feful Aministra\u0163iei Municipale, respectiv persoana c\u0103ruia ei a \u00eemputernicit-o \u015fi organele , organiza\u0163iile \u015fi institu\u0163iile, cu avizul \u015fi aprobarea primarului.<br \/>\nCancelariile locale pot efectua \u015fi alte treburi pe care le \u00eencredin\u0163eaz\u0103 Aministra\u0163ia Municipal\u0103.<br \/>\nLa cancelariile locale se pot efectua \u015fi alte treburi pentru alte organe de stat, organiza\u0163ii \u015fi institu\u0163ii \u00een baza acordului \u00eencheiat \u00eentre \u015feful Aministra\u0163iei Municipale, respectiv persoana c\u0103ruia ei a \u00eemputernicit-o \u015fi organele , organiza\u0163iile \u015fi institu\u0163iile, cu avizul \u015fi aprobarea primarului.<br \/>\nCancelaria Local\u0103 Glogoni &#8211; telefon: 013\/627-002 Fax: 013\/627-011<br \/>\nCancelaria Local\u0103 Banatski Brestovac &#8211; telefon &#8211; Fax 013\/626-101, 013\/626-188<br \/>\nCancelaria Local\u0103 Omoljica \u2013 telefon: 013\/617-001 Fax: 013\/617- 008<br \/>\nCancelaria Local\u0103 Ivanovo &#8211; telefon: 013\/629-101 Fax: 013\/629-108<br \/>\nCancelaria Local\u0103 Dolovo \u2013 telefon &#8211; Fax: 013\/2634-214<br \/>\nCancelaria Local\u0103 Banatsko Novo Selo\/ Satu Nou &#8211; telefon &#8211; Fax: 013\/615-051<br \/>\nCancelaria Local\u0103 Ka\u010darevo &#8211; telefon: 013\/601-263 Fax: 013\/603-313<br \/>\nCancelaria Local\u0103 Jabuka \u2013 telefon &#8211; Fax: 013\/2624-046<br \/>\nCancelaria Local\u0103 Star\u010devo &#8211;\u00a0 telefon: 013\/631-001 Fax: 013\/631-144<br \/>\nCOMUNIT\u0102\u0162ILE LOCALE PE TERITORIUL ORA\u015eULUI PANCIOVA<br \/>\n&#8211; COMUNITATEA LOCAL\u0102 BANATSKO NOVO SELO, Strada Mar\u0161ala Tita num\u0103rul 67, 26314 Banatsko Novo Selo, telefon &#8211; fax: 615-051,<br \/>\n&#8211; COMUNITATEA LOCAL\u0102 &#8222;MITA VUKOSAVLJEV&#8221; DOLOVO&#8221;, Strada kralja Petra I num\u0103rul 5, 26227 Doloave, telefon &#8211; fax : 2634-214,<br \/>\n&#8211; COMUNITATEA LOCAL\u0102 STAR\u010cEVO, Pan\u010deva\u010dki put num\u0103rul 1, 26232 Star\u010devo, telefon &#8211; fax: 631-144 i 631-001,<br \/>\n&#8211; COMUNITATEA LOCAL\u0102 OMOLJICA, Cara Du\u0161ana num\u0103rul 2, telefon: 617-001, 26230 Omoljica, fax: 617-008, Du\u0161an Luki\u0107,<br \/>\n&#8211; COMUNITATEA LOCAL\u0102 BANATSKI BRESTOVAC, Strada mar\u0161ala Tita num\u0103rul 4a, 26234 Banatski Brestovac, telefon: 626-101,fax: 626188,<br \/>\n&#8211; COMUNITATEA LOCAL\u0102 IVANOVO, Strada Borisa Kidri\u010da num\u0103rul 9, 26233, telefon -fax: 629-108 i 629-101,<br \/>\n-MESNA ZAJEDNICA KA\u010cAREVO, Strada mar\u0161ala Tita num\u0103rul 37, 26212 Ka\u010darevo, telefon: 601-030, fax: 603-313,<br \/>\n&#8211; COMUNITATEA LOCAL\u0102 JABUKA, Strada Trg Borisa Kidri\u010da num\u0103rul 1, 26201 Jabuka, telefon &#8211; fax: 2624-046,<br \/>\n&#8211; COMUNITATEA LOCAL\u0102 GLOGONI, Strada Beogradska num\u0103rul 7, 26202 Glogoni, telefon &#8211; fax: 627-011,<br \/>\n&#8211; COMUNITATEA LOCAL\u0102 &#8222;GORNJI GRAD&#8221; PAN\u010cEVO, Strada Dimitrija Tucovi\u0107a 74, 26000 Pan\u010devo, telefon &#8211; fax: 351-016,<br \/>\n&#8211; COMUNITATEA LOCAL\u0102 &#8222;KOTE\u017d\u201c PAN\u010cEVO, Strada Bra\u0107e Jovanovi\u0107a bb, 26000 Pan\u010devo tlefon &#8211; fax: 314-710,<br \/>\n&#8211; COMUNITATEA LOCAL\u0102 &#8222;CENTAR&#8221; PAN\u010cEVO, strada Maxim Gorki num\u0103rul 25, 26000 Pan\u010devo telefon -fax: 353-523,<br \/>\n&#8211; COMUNITATEA LOCAL\u0102 &#8222;TESLA&#8221; PANE\u010cVO, Strada Lava Tolstoja num\u0103rul 78b, 26000 Pan\u010devo, telefon &#8211; fax: 2515-066,<br \/>\n&#8211; COMUNITATEA LOCAL\u0102 &#8222;STRELI\u0160TE&#8221; PANCIOVA, Veljka Vlahovi\u0107a num\u0103rul 19, 26000 Pan\u010devo,telefon &#8211; fax: 315-808,<br \/>\n&#8211; COMUNITATEA LOCAL\u0102 &#8222;VOJLOVICA&#8221;, PANCIOVA, Trg XII Vojvo\u0111anske brigade num\u0103rul 5, 26000 Pan\u010devo, telefon &#8211; fax: 366-178,<br \/>\n&#8211; COMUNITATEA LOCAL\u0102 &#8222;STARI TAMI\u0160&#8221; PANCIOVA, Strada Kestenova num\u0103rul 4, 26000 Pan\u010devo, telefon: 2638-155,<br \/>\n&#8211; COMUNITATEA LOCAL\u0102 &#8222;MLADOST&#8221; PANCIOVA, Strada Jastreba\u010dka num\u0103rul 5, 26000 Pan\u010devo, telefon: 372-427<br \/>\nCererile cu documenta\u0163ia necesar\u0103 \u00een baza c\u0103rora procedeaz\u0103 Secretariatul pentru Administra\u0163ia General\u0103 se g\u0103sesc afi\u015fate pe adresa de Internet:<a href=\"http:\/\/www.pancevo.rs\/Sekretarijat_za_op\u0161tu_upravu\">http:\/\/www.pancevo.rs\/Sekretarijat_za_op\u0161tu_upravu<\/a><\/p>\n","protected":false},"excerpt":{"rendered":"<p>DEPARTAMENTUL PENTRU CANCELARIILE LOCALE \u015eI COMUNIT\u0102\u0162ILE LOCALE CANCELARIILE LOCALE PE TERITORIUL ORA\u015eULUI PANCIOVA Cancelariile locale efectueaz\u0103 treburile care se refer\u0103 la st\u0103rile personale ale cet\u0103\u0163enilor (poart\u0103 registrele de stare civil\u0103 \u015fi emit certificate \u015fi extrase, \u00eentocmest actul de deces, efectueaz\u0103 inventarul bunurilor \u015fi altele), colecteaz\u0103 \u015fi remit datele privind actualizarea listei de aleg\u0103tori, efectueaz\u0103 autentificarea semn\u0103turii, transcriptelor \u015fi manuscriselor, realizeaz\u0103 treburile administrative \u2013 tehnice \u015fi alte treburi ale \u00eent\u00e2lnirilor cet\u0103\u021benilor, p\u0103strarea eviden\u0163elor \u015fi documentelor c\u00e2nd aceasta este cerut prin lege \u0219i prin alte reglement\u0103ri (pentru copii care au ajuns la v\u00e2rsta pentru a \u00eencepe frecventarea \u015fcolii generale, privind contribuabili la auto-contribu\u021bie, etc.), furnizarea asisten\u0163ei tehnice \u00een procesul de exprimare a cet\u0103\u021benilor privnd auto-contribu\u0163ia \u0219i acordarea de asisten\u021bei de specialitate pentru comunit\u0103\u021bile locale. Cancelariile locale pot efectua \u015fi alte treburi pe care le \u00eencredin\u0163eaz\u0103 Administra\u0163ia Municipal\u0103. La cancelariile locale se pot efectua \u015fi alte treburi pentru alte organe de stat, organiza\u0163ii<\/p>\n","protected":false},"author":17,"featured_media":0,"parent":0,"menu_order":0,"comment_status":"closed","ping_status":"closed","template":"","meta":{"_cbd_carousel_blocks":"[]","footnotes":""},"class_list":["post-25491","page","type-page","status-publish","hentry"],"yoast_head":"<!-- This site is optimized with the Yoast SEO plugin v26.4 - https:\/\/yoast.com\/wordpress\/plugins\/seo\/ -->\n<title>Comunit\u0103\u021bile locale - \u0413\u0440\u0430\u0434 \u041f\u0430\u043d\u0447\u0435\u0432\u043e<\/title>\n<meta name=\"robots\" content=\"index, follow, max-snippet:-1, max-image-preview:large, max-video-preview:-1\" \/>\n<link rel=\"canonical\" href=\"https:\/\/www.pancevo.rs\/ro\/comunitatile-locale\/\" \/>\n<meta property=\"og:locale\" content=\"ro_RO\" \/>\n<meta property=\"og:type\" content=\"article\" \/>\n<meta property=\"og:title\" content=\"Comunit\u0103\u021bile locale - \u0413\u0440\u0430\u0434 \u041f\u0430\u043d\u0447\u0435\u0432\u043e\" \/>\n<meta property=\"og:description\" content=\"DEPARTAMENTUL PENTRU CANCELARIILE LOCALE \u015eI COMUNIT\u0102\u0162ILE LOCALE CANCELARIILE LOCALE PE TERITORIUL ORA\u015eULUI PANCIOVA Cancelariile locale efectueaz\u0103 treburile care se refer\u0103 la st\u0103rile personale ale cet\u0103\u0163enilor (poart\u0103 registrele de stare civil\u0103 \u015fi emit certificate \u015fi extrase, \u00eentocmest actul de deces, efectueaz\u0103 inventarul bunurilor \u015fi altele), colecteaz\u0103 \u015fi remit datele privind actualizarea listei de aleg\u0103tori, efectueaz\u0103 autentificarea semn\u0103turii, transcriptelor \u015fi manuscriselor, realizeaz\u0103 treburile administrative \u2013 tehnice \u015fi alte treburi ale \u00eent\u00e2lnirilor cet\u0103\u021benilor, p\u0103strarea eviden\u0163elor \u015fi documentelor c\u00e2nd aceasta este cerut prin lege \u0219i prin alte reglement\u0103ri (pentru copii care au ajuns la v\u00e2rsta pentru a \u00eencepe frecventarea \u015fcolii generale, privind contribuabili la auto-contribu\u021bie, etc.), furnizarea asisten\u0163ei tehnice \u00een procesul de exprimare a cet\u0103\u021benilor privnd auto-contribu\u0163ia \u0219i acordarea de asisten\u021bei de specialitate pentru comunit\u0103\u021bile locale. Cancelariile locale pot efectua \u015fi alte treburi pe care le \u00eencredin\u0163eaz\u0103 Administra\u0163ia Municipal\u0103. La cancelariile locale se pot efectua \u015fi alte treburi pentru alte organe de stat, organiza\u0163ii\" \/>\n<meta property=\"og:url\" content=\"https:\/\/www.pancevo.rs\/ro\/comunitatile-locale\/\" \/>\n<meta property=\"og:site_name\" content=\"\u0413\u0440\u0430\u0434 \u041f\u0430\u043d\u0447\u0435\u0432\u043e\" \/>\n<meta property=\"article:modified_time\" content=\"2018-01-28T20:22:16+00:00\" \/>\n<meta name=\"twitter:card\" content=\"summary_large_image\" \/>\n<meta name=\"twitter:label1\" content=\"Timp estimat pentru citire\" \/>\n\t<meta name=\"twitter:data1\" content=\"3 minute\" \/>\n<script type=\"application\/ld+json\" class=\"yoast-schema-graph\">{\"@context\":\"https:\/\/schema.org\",\"@graph\":[{\"@type\":\"WebPage\",\"@id\":\"https:\/\/www.pancevo.rs\/ro\/comunitatile-locale\/\",\"url\":\"https:\/\/www.pancevo.rs\/ro\/comunitatile-locale\/\",\"name\":\"Comunit\u0103\u021bile locale - \u0413\u0440\u0430\u0434 \u041f\u0430\u043d\u0447\u0435\u0432\u043e\",\"isPartOf\":{\"@id\":\"https:\/\/www.pancevo.rs\/bg\/#website\"},\"datePublished\":\"2015-12-09T11:23:29+00:00\",\"dateModified\":\"2018-01-28T20:22:16+00:00\",\"breadcrumb\":{\"@id\":\"https:\/\/www.pancevo.rs\/ro\/comunitatile-locale\/#breadcrumb\"},\"inLanguage\":\"ro-RO\",\"potentialAction\":[{\"@type\":\"ReadAction\",\"target\":[\"https:\/\/www.pancevo.rs\/ro\/comunitatile-locale\/\"]}]},{\"@type\":\"BreadcrumbList\",\"@id\":\"https:\/\/www.pancevo.rs\/ro\/comunitatile-locale\/#breadcrumb\",\"itemListElement\":[{\"@type\":\"ListItem\",\"position\":1,\"name\":\"Home\",\"item\":\"https:\/\/www.pancevo.rs\/ro\/\"},{\"@type\":\"ListItem\",\"position\":2,\"name\":\"Comunit\u0103\u021bile locale\"}]},{\"@type\":\"WebSite\",\"@id\":\"https:\/\/www.pancevo.rs\/bg\/#website\",\"url\":\"https:\/\/www.pancevo.rs\/bg\/\",\"name\":\"\u0413\u0440\u0430\u0434 \u041f\u0430\u043d\u0447\u0435\u0432\u043e\",\"description\":\"\u0417\u0432\u0430\u043d\u0438\u0447\u043d\u0430 \u043f\u0440\u0435\u0437\u0435\u043d\u0442\u0430\u0446\u0438\u0458\u0430 \u0413\u0440\u0430\u0434\u0430 \u041f\u0430\u043d\u0447\u0435\u0432\u0430\",\"potentialAction\":[{\"@type\":\"SearchAction\",\"target\":{\"@type\":\"EntryPoint\",\"urlTemplate\":\"https:\/\/www.pancevo.rs\/bg\/?s={search_term_string}\"},\"query-input\":{\"@type\":\"PropertyValueSpecification\",\"valueRequired\":true,\"valueName\":\"search_term_string\"}}],\"inLanguage\":\"ro-RO\"}]}<\/script>\n<!-- \/ Yoast SEO plugin. -->","yoast_head_json":{"title":"Comunit\u0103\u021bile locale - \u0413\u0440\u0430\u0434 \u041f\u0430\u043d\u0447\u0435\u0432\u043e","robots":{"index":"index","follow":"follow","max-snippet":"max-snippet:-1","max-image-preview":"max-image-preview:large","max-video-preview":"max-video-preview:-1"},"canonical":"https:\/\/www.pancevo.rs\/ro\/comunitatile-locale\/","og_locale":"ro_RO","og_type":"article","og_title":"Comunit\u0103\u021bile locale - \u0413\u0440\u0430\u0434 \u041f\u0430\u043d\u0447\u0435\u0432\u043e","og_description":"DEPARTAMENTUL PENTRU CANCELARIILE LOCALE \u015eI COMUNIT\u0102\u0162ILE LOCALE CANCELARIILE LOCALE PE TERITORIUL ORA\u015eULUI PANCIOVA Cancelariile locale efectueaz\u0103 treburile care se refer\u0103 la st\u0103rile personale ale cet\u0103\u0163enilor (poart\u0103 registrele de stare civil\u0103 \u015fi emit certificate \u015fi extrase, \u00eentocmest actul de deces, efectueaz\u0103 inventarul bunurilor \u015fi altele), colecteaz\u0103 \u015fi remit datele privind actualizarea listei de aleg\u0103tori, efectueaz\u0103 autentificarea semn\u0103turii, transcriptelor \u015fi manuscriselor, realizeaz\u0103 treburile administrative \u2013 tehnice \u015fi alte treburi ale \u00eent\u00e2lnirilor cet\u0103\u021benilor, p\u0103strarea eviden\u0163elor \u015fi documentelor c\u00e2nd aceasta este cerut prin lege \u0219i prin alte reglement\u0103ri (pentru copii care au ajuns la v\u00e2rsta pentru a \u00eencepe frecventarea \u015fcolii generale, privind contribuabili la auto-contribu\u021bie, etc.), furnizarea asisten\u0163ei tehnice \u00een procesul de exprimare a cet\u0103\u021benilor privnd auto-contribu\u0163ia \u0219i acordarea de asisten\u021bei de specialitate pentru comunit\u0103\u021bile locale. Cancelariile locale pot efectua \u015fi alte treburi pe care le \u00eencredin\u0163eaz\u0103 Administra\u0163ia Municipal\u0103. La cancelariile locale se pot efectua \u015fi alte treburi pentru alte organe de stat, organiza\u0163ii","og_url":"https:\/\/www.pancevo.rs\/ro\/comunitatile-locale\/","og_site_name":"\u0413\u0440\u0430\u0434 \u041f\u0430\u043d\u0447\u0435\u0432\u043e","article_modified_time":"2018-01-28T20:22:16+00:00","twitter_card":"summary_large_image","twitter_misc":{"Timp estimat pentru citire":"3 minute"},"schema":{"@context":"https:\/\/schema.org","@graph":[{"@type":"WebPage","@id":"https:\/\/www.pancevo.rs\/ro\/comunitatile-locale\/","url":"https:\/\/www.pancevo.rs\/ro\/comunitatile-locale\/","name":"Comunit\u0103\u021bile locale - \u0413\u0440\u0430\u0434 \u041f\u0430\u043d\u0447\u0435\u0432\u043e","isPartOf":{"@id":"https:\/\/www.pancevo.rs\/bg\/#website"},"datePublished":"2015-12-09T11:23:29+00:00","dateModified":"2018-01-28T20:22:16+00:00","breadcrumb":{"@id":"https:\/\/www.pancevo.rs\/ro\/comunitatile-locale\/#breadcrumb"},"inLanguage":"ro-RO","potentialAction":[{"@type":"ReadAction","target":["https:\/\/www.pancevo.rs\/ro\/comunitatile-locale\/"]}]},{"@type":"BreadcrumbList","@id":"https:\/\/www.pancevo.rs\/ro\/comunitatile-locale\/#breadcrumb","itemListElement":[{"@type":"ListItem","position":1,"name":"Home","item":"https:\/\/www.pancevo.rs\/ro\/"},{"@type":"ListItem","position":2,"name":"Comunit\u0103\u021bile locale"}]},{"@type":"WebSite","@id":"https:\/\/www.pancevo.rs\/bg\/#website","url":"https:\/\/www.pancevo.rs\/bg\/","name":"\u0413\u0440\u0430\u0434 \u041f\u0430\u043d\u0447\u0435\u0432\u043e","description":"\u0417\u0432\u0430\u043d\u0438\u0447\u043d\u0430 \u043f\u0440\u0435\u0437\u0435\u043d\u0442\u0430\u0446\u0438\u0458\u0430 \u0413\u0440\u0430\u0434\u0430 \u041f\u0430\u043d\u0447\u0435\u0432\u0430","potentialAction":[{"@type":"SearchAction","target":{"@type":"EntryPoint","urlTemplate":"https:\/\/www.pancevo.rs\/bg\/?s={search_term_string}"},"query-input":{"@type":"PropertyValueSpecification","valueRequired":true,"valueName":"search_term_string"}}],"inLanguage":"ro-RO"}]}},"_links":{"self":[{"href":"https:\/\/www.pancevo.rs\/ro\/wp-json\/wp\/v2\/pages\/25491\/"}],"collection":[{"href":"https:\/\/www.pancevo.rs\/ro\/wp-json\/wp\/v2\/pages\/"}],"about":[{"href":"https:\/\/www.pancevo.rs\/ro\/wp-json\/wp\/v2\/types\/page\/"}],"author":[{"embeddable":true,"href":"https:\/\/www.pancevo.rs\/ro\/wp-json\/wp\/v2\/users\/17\/"}],"replies":[{"embeddable":true,"href":"https:\/\/www.pancevo.rs\/ro\/wp-json\/wp\/v2\/comments\/?post=25491"}],"version-history":[{"count":1,"href":"https:\/\/www.pancevo.rs\/ro\/wp-json\/wp\/v2\/pages\/25491\/revisions\/"}],"predecessor-version":[{"id":46225,"href":"https:\/\/www.pancevo.rs\/ro\/wp-json\/wp\/v2\/pages\/25491\/revisions\/46225\/"}],"wp:attachment":[{"href":"https:\/\/www.pancevo.rs\/ro\/wp-json\/wp\/v2\/media\/?parent=25491"}],"curies":[{"name":"wp","href":"https:\/\/api.w.org\/{rel}","templated":true}]}}