{"id":25486,"date":"2015-12-09T12:04:19","date_gmt":"2015-12-09T11:04:19","guid":{"rendered":"http:\/\/demo.pancevo.rs\/?page_id=25486"},"modified":"2015-12-09T12:27:08","modified_gmt":"2015-12-09T11:27:08","slug":"structura-organizatorica","status":"publish","type":"page","link":"https:\/\/www.pancevo.rs\/ro\/structura-organizatorica\/","title":{"rendered":"Structura organizatoric\u0103"},"content":{"rendered":"<h4>STRUCTURA ORGANIZATORIC\u0102 A\u00a0ADMINISTRA\u0162IEI MUNICIPALE PANCIOVA<\/h4>\n<p>Administra\u0163ia Municipal\u0103 a\u00a0ora\u015fului Panciova este organizat\u0103 ca o\u00a0autoritate unic\u0103, dar , \u00een cadrul c\u0103reia, func\u0163ioneaz\u0103 , ca unit\u0103\u0163i organizatorice aparte:<br \/>\n&#8211; Cabinetul primarului;<br \/>\n&#8211; 8 secretariate (pentru administra\u0163ia general\u0103; pentru afacerile adun\u0103rii, pentru treburile primarului \u015fi consiliul or\u0103\u015f\u0103nesc; pentru servicii publice \u015fi treburile sociale; pentru urbanism \u015fi treburile edilitare \u2013 de construc\u0163ie; pentru comer\u0163 \u015fi dezvoltare economic\u0103 ; pentru administra\u0163ia fiscal\u0103; pentru agricultur\u0103, sate \u015fi dezvoltarea rural\u0103 \u015fi pentru treburile de inspec\u0163ie);<br \/>\n&#8211; 3 agen\u0163ii (pentru achizi\u0163iile publice, pentru circula\u0163ia \u015fi proprietate);<br \/>\n&#8211; Serviciul pentru Treburile Comune;<br \/>\n&#8211; Poli\u0163ia Comunal\u0103;<\/p>\n<p>Pentru modernizarea \u015fi avansarea administra\u0163iei municipale \u015fi pentru \u00eembun\u0103t\u0103\u0163irea calit\u0103\u0163ii serviciului pe care acest organ ofer\u0103 cet\u0103\u0163enilor din Panciova, \u00een luna iunie 2009, a fost \u00eenfiin\u0163at \u015fi dat \u00een folosin\u0163\u0103 Centrul Or\u0103\u015f\u0103nesc pentru Servicii \u2013 o sal\u0103 mare cu ghi\u015fee cu 22 de ghi\u015fee pentru a oferii servicii cet\u0103\u0163enilor, amplasate \u00eentr-un spa\u0163iu adaptat, la parterul cl\u0103diri Adminsitra\u0163iei Municipale. Programa de munc\u0103 a Centrului Or\u0103\u015f\u0103nesc pentru Servicii este, de la ora 8 \u2013 15, zilele lucr\u0103toare, iar \u00eenforma\u0163iile se pot primii \u015fi prin telefonul 013\/311-211 sau adresa d e-mail: usluznicentar@pancevo.rs.<br \/>\nPe paginile urm\u0103toare a acestei bro\u015furi ve\u0163i afla mai multe informa\u0163ii privind care sunt competen\u0163ele, autorit\u0103\u0163ile \u015fi obliga\u0163iile fiec\u0103rui secretariat, agen\u0163ii sau a poli\u0163iei comunale. Datorind acestui ghid clar, ve\u0163i putea ca \u00eentr-un mod rapid \u015fi u\u015for s\u0103 g\u0103si\u0163ie informa\u0163ii privind faptul \u00een care unitate organizatoric\u0103 a Administra\u0163iei Municipale, c\u00e2nd \u015fi \u00een ce mod pute\u0163i s\u0103 realiza\u0163i orice drepturi din competen\u0163ele lor.<br \/>\nAcest ghid o s\u0103 v\u0103 ajute dac\u0103 dori\u0163\u0103 s\u0103 v\u0103 \u00eenscrie\u0163i \u00een lista de aleg\u0103tori, pentru a deschide carnetul de munc\u0103, s\u0103 primi\u0163i certificatul de na\u015ftere sau autoriza\u0163ia de construc\u0163ie, s\u0103 \u00eencheia\u0163i c\u0103s\u0103toria, s\u0103 lua\u0163i permisul pentru transportul de taxi, s\u0103 extinde\u0163i programul de munc\u0103 a cafenelelor \u015fi restaurantelor. S\u0103 exercita\u0163i dreptul la am\u00e2narea datoriilor fiscale \u015fi altele. \u00cen aceste propozi\u0163iiau fost enumerate doar o mic\u0103 parte a drepturilor pe care cet\u0103\u0163enii din Panciova pot exercita \u00een Administra\u0163ia Municipal\u0103.<br \/>\nO list\u0103 mai detailat\u0103 a competen\u0163elor tuturor unit\u0103\u0163ilor organizatorice, cu descrierea procedurilor \u015fi alte informa\u0163ii importante pute\u0163i g\u0103sii pe paginile care urmeaz\u0103.<\/p>\n","protected":false},"excerpt":{"rendered":"<p>STRUCTURA ORGANIZATORIC\u0102 A\u00a0ADMINISTRA\u0162IEI MUNICIPALE PANCIOVA Administra\u0163ia Municipal\u0103 a\u00a0ora\u015fului Panciova este organizat\u0103 ca o\u00a0autoritate unic\u0103, dar , \u00een cadrul c\u0103reia, func\u0163ioneaz\u0103 , ca unit\u0103\u0163i organizatorice aparte: &#8211; Cabinetul primarului; &#8211; 8 secretariate (pentru administra\u0163ia general\u0103; pentru afacerile adun\u0103rii, pentru treburile primarului \u015fi consiliul or\u0103\u015f\u0103nesc; pentru servicii publice \u015fi treburile sociale; pentru urbanism \u015fi treburile edilitare \u2013 de construc\u0163ie; pentru comer\u0163 \u015fi dezvoltare economic\u0103 ; pentru administra\u0163ia fiscal\u0103; pentru agricultur\u0103, sate \u015fi dezvoltarea rural\u0103 \u015fi pentru treburile de inspec\u0163ie); &#8211; 3 agen\u0163ii (pentru achizi\u0163iile publice, pentru circula\u0163ia \u015fi proprietate); &#8211; Serviciul pentru Treburile Comune; &#8211; Poli\u0163ia Comunal\u0103; Pentru modernizarea \u015fi avansarea administra\u0163iei municipale \u015fi pentru \u00eembun\u0103t\u0103\u0163irea calit\u0103\u0163ii serviciului pe care acest organ ofer\u0103 cet\u0103\u0163enilor din Panciova, \u00een luna iunie 2009, a fost \u00eenfiin\u0163at \u015fi dat \u00een folosin\u0163\u0103 Centrul Or\u0103\u015f\u0103nesc pentru Servicii \u2013 o sal\u0103 mare cu ghi\u015fee cu 22 de ghi\u015fee pentru a oferii servicii cet\u0103\u0163enilor, amplasate \u00eentr-un spa\u0163iu adaptat, la parterul<\/p>\n","protected":false},"author":40,"featured_media":0,"parent":0,"menu_order":0,"comment_status":"closed","ping_status":"closed","template":"","meta":{"_cbd_carousel_blocks":"[]","footnotes":""},"class_list":["post-25486","page","type-page","status-publish","hentry"],"yoast_head":"<!-- This site is optimized with the Yoast SEO plugin v26.4 - https:\/\/yoast.com\/wordpress\/plugins\/seo\/ -->\n<title>Structura organizatoric\u0103 - \u0413\u0440\u0430\u0434 \u041f\u0430\u043d\u0447\u0435\u0432\u043e<\/title>\n<meta name=\"robots\" content=\"index, follow, max-snippet:-1, max-image-preview:large, max-video-preview:-1\" \/>\n<link rel=\"canonical\" href=\"http:\/\/www.pancevo.rs\/ro\/structura-organizatorica\/\" \/>\n<meta property=\"og:locale\" content=\"ro_RO\" \/>\n<meta property=\"og:type\" content=\"article\" \/>\n<meta property=\"og:title\" content=\"Structura organizatoric\u0103 - \u0413\u0440\u0430\u0434 \u041f\u0430\u043d\u0447\u0435\u0432\u043e\" \/>\n<meta property=\"og:description\" content=\"STRUCTURA ORGANIZATORIC\u0102 A\u00a0ADMINISTRA\u0162IEI MUNICIPALE PANCIOVA Administra\u0163ia Municipal\u0103 a\u00a0ora\u015fului Panciova este organizat\u0103 ca o\u00a0autoritate unic\u0103, dar , \u00een cadrul c\u0103reia, func\u0163ioneaz\u0103 , ca unit\u0103\u0163i organizatorice aparte: &#8211; Cabinetul primarului; &#8211; 8 secretariate (pentru administra\u0163ia general\u0103; pentru afacerile adun\u0103rii, pentru treburile primarului \u015fi consiliul or\u0103\u015f\u0103nesc; pentru servicii publice \u015fi treburile sociale; pentru urbanism \u015fi treburile edilitare \u2013 de construc\u0163ie; pentru comer\u0163 \u015fi dezvoltare economic\u0103 ; pentru administra\u0163ia fiscal\u0103; pentru agricultur\u0103, sate \u015fi dezvoltarea rural\u0103 \u015fi pentru treburile de inspec\u0163ie); &#8211; 3 agen\u0163ii (pentru achizi\u0163iile publice, pentru circula\u0163ia \u015fi proprietate); &#8211; Serviciul pentru Treburile Comune; &#8211; Poli\u0163ia Comunal\u0103; Pentru modernizarea \u015fi avansarea administra\u0163iei municipale \u015fi pentru \u00eembun\u0103t\u0103\u0163irea calit\u0103\u0163ii serviciului pe care acest organ ofer\u0103 cet\u0103\u0163enilor din Panciova, \u00een luna iunie 2009, a fost \u00eenfiin\u0163at \u015fi dat \u00een folosin\u0163\u0103 Centrul Or\u0103\u015f\u0103nesc pentru Servicii \u2013 o sal\u0103 mare cu ghi\u015fee cu 22 de ghi\u015fee pentru a oferii servicii cet\u0103\u0163enilor, amplasate \u00eentr-un spa\u0163iu adaptat, la parterul\" \/>\n<meta property=\"og:url\" content=\"http:\/\/www.pancevo.rs\/ro\/structura-organizatorica\/\" \/>\n<meta property=\"og:site_name\" content=\"\u0413\u0440\u0430\u0434 \u041f\u0430\u043d\u0447\u0435\u0432\u043e\" \/>\n<meta property=\"article:modified_time\" content=\"2015-12-09T11:27:08+00:00\" \/>\n<meta name=\"twitter:card\" content=\"summary_large_image\" \/>\n<meta name=\"twitter:label1\" content=\"Timp estimat pentru citire\" \/>\n\t<meta name=\"twitter:data1\" content=\"2 minute\" \/>\n<script type=\"application\/ld+json\" class=\"yoast-schema-graph\">{\"@context\":\"https:\/\/schema.org\",\"@graph\":[{\"@type\":\"WebPage\",\"@id\":\"http:\/\/www.pancevo.rs\/ro\/structura-organizatorica\/\",\"url\":\"http:\/\/www.pancevo.rs\/ro\/structura-organizatorica\/\",\"name\":\"Structura organizatoric\u0103 - \u0413\u0440\u0430\u0434 \u041f\u0430\u043d\u0447\u0435\u0432\u043e\",\"isPartOf\":{\"@id\":\"https:\/\/www.pancevo.rs\/bg\/#website\"},\"datePublished\":\"2015-12-09T11:04:19+00:00\",\"dateModified\":\"2015-12-09T11:27:08+00:00\",\"breadcrumb\":{\"@id\":\"http:\/\/www.pancevo.rs\/ro\/structura-organizatorica\/#breadcrumb\"},\"inLanguage\":\"ro-RO\",\"potentialAction\":[{\"@type\":\"ReadAction\",\"target\":[\"http:\/\/www.pancevo.rs\/ro\/structura-organizatorica\/\"]}]},{\"@type\":\"BreadcrumbList\",\"@id\":\"http:\/\/www.pancevo.rs\/ro\/structura-organizatorica\/#breadcrumb\",\"itemListElement\":[{\"@type\":\"ListItem\",\"position\":1,\"name\":\"Home\",\"item\":\"https:\/\/www.pancevo.rs\/ro\/\"},{\"@type\":\"ListItem\",\"position\":2,\"name\":\"Structura organizatoric\u0103\"}]},{\"@type\":\"WebSite\",\"@id\":\"https:\/\/www.pancevo.rs\/bg\/#website\",\"url\":\"https:\/\/www.pancevo.rs\/bg\/\",\"name\":\"\u0413\u0440\u0430\u0434 \u041f\u0430\u043d\u0447\u0435\u0432\u043e\",\"description\":\"\u0417\u0432\u0430\u043d\u0438\u0447\u043d\u0430 \u043f\u0440\u0435\u0437\u0435\u043d\u0442\u0430\u0446\u0438\u0458\u0430 \u0413\u0440\u0430\u0434\u0430 \u041f\u0430\u043d\u0447\u0435\u0432\u0430\",\"potentialAction\":[{\"@type\":\"SearchAction\",\"target\":{\"@type\":\"EntryPoint\",\"urlTemplate\":\"https:\/\/www.pancevo.rs\/bg\/?s={search_term_string}\"},\"query-input\":{\"@type\":\"PropertyValueSpecification\",\"valueRequired\":true,\"valueName\":\"search_term_string\"}}],\"inLanguage\":\"ro-RO\"}]}<\/script>\n<!-- \/ Yoast SEO plugin. -->","yoast_head_json":{"title":"Structura organizatoric\u0103 - \u0413\u0440\u0430\u0434 \u041f\u0430\u043d\u0447\u0435\u0432\u043e","robots":{"index":"index","follow":"follow","max-snippet":"max-snippet:-1","max-image-preview":"max-image-preview:large","max-video-preview":"max-video-preview:-1"},"canonical":"http:\/\/www.pancevo.rs\/ro\/structura-organizatorica\/","og_locale":"ro_RO","og_type":"article","og_title":"Structura organizatoric\u0103 - \u0413\u0440\u0430\u0434 \u041f\u0430\u043d\u0447\u0435\u0432\u043e","og_description":"STRUCTURA ORGANIZATORIC\u0102 A\u00a0ADMINISTRA\u0162IEI MUNICIPALE PANCIOVA Administra\u0163ia Municipal\u0103 a\u00a0ora\u015fului Panciova este organizat\u0103 ca o\u00a0autoritate unic\u0103, dar , \u00een cadrul c\u0103reia, func\u0163ioneaz\u0103 , ca unit\u0103\u0163i organizatorice aparte: &#8211; Cabinetul primarului; &#8211; 8 secretariate (pentru administra\u0163ia general\u0103; pentru afacerile adun\u0103rii, pentru treburile primarului \u015fi consiliul or\u0103\u015f\u0103nesc; pentru servicii publice \u015fi treburile sociale; pentru urbanism \u015fi treburile edilitare \u2013 de construc\u0163ie; pentru comer\u0163 \u015fi dezvoltare economic\u0103 ; pentru administra\u0163ia fiscal\u0103; pentru agricultur\u0103, sate \u015fi dezvoltarea rural\u0103 \u015fi pentru treburile de inspec\u0163ie); &#8211; 3 agen\u0163ii (pentru achizi\u0163iile publice, pentru circula\u0163ia \u015fi proprietate); &#8211; Serviciul pentru Treburile Comune; &#8211; Poli\u0163ia Comunal\u0103; Pentru modernizarea \u015fi avansarea administra\u0163iei municipale \u015fi pentru \u00eembun\u0103t\u0103\u0163irea calit\u0103\u0163ii serviciului pe care acest organ ofer\u0103 cet\u0103\u0163enilor din Panciova, \u00een luna iunie 2009, a fost \u00eenfiin\u0163at \u015fi dat \u00een folosin\u0163\u0103 Centrul Or\u0103\u015f\u0103nesc pentru Servicii \u2013 o sal\u0103 mare cu ghi\u015fee cu 22 de ghi\u015fee pentru a oferii servicii cet\u0103\u0163enilor, amplasate \u00eentr-un spa\u0163iu adaptat, la parterul","og_url":"http:\/\/www.pancevo.rs\/ro\/structura-organizatorica\/","og_site_name":"\u0413\u0440\u0430\u0434 \u041f\u0430\u043d\u0447\u0435\u0432\u043e","article_modified_time":"2015-12-09T11:27:08+00:00","twitter_card":"summary_large_image","twitter_misc":{"Timp estimat pentru citire":"2 minute"},"schema":{"@context":"https:\/\/schema.org","@graph":[{"@type":"WebPage","@id":"http:\/\/www.pancevo.rs\/ro\/structura-organizatorica\/","url":"http:\/\/www.pancevo.rs\/ro\/structura-organizatorica\/","name":"Structura organizatoric\u0103 - \u0413\u0440\u0430\u0434 \u041f\u0430\u043d\u0447\u0435\u0432\u043e","isPartOf":{"@id":"https:\/\/www.pancevo.rs\/bg\/#website"},"datePublished":"2015-12-09T11:04:19+00:00","dateModified":"2015-12-09T11:27:08+00:00","breadcrumb":{"@id":"http:\/\/www.pancevo.rs\/ro\/structura-organizatorica\/#breadcrumb"},"inLanguage":"ro-RO","potentialAction":[{"@type":"ReadAction","target":["http:\/\/www.pancevo.rs\/ro\/structura-organizatorica\/"]}]},{"@type":"BreadcrumbList","@id":"http:\/\/www.pancevo.rs\/ro\/structura-organizatorica\/#breadcrumb","itemListElement":[{"@type":"ListItem","position":1,"name":"Home","item":"https:\/\/www.pancevo.rs\/ro\/"},{"@type":"ListItem","position":2,"name":"Structura organizatoric\u0103"}]},{"@type":"WebSite","@id":"https:\/\/www.pancevo.rs\/bg\/#website","url":"https:\/\/www.pancevo.rs\/bg\/","name":"\u0413\u0440\u0430\u0434 \u041f\u0430\u043d\u0447\u0435\u0432\u043e","description":"\u0417\u0432\u0430\u043d\u0438\u0447\u043d\u0430 \u043f\u0440\u0435\u0437\u0435\u043d\u0442\u0430\u0446\u0438\u0458\u0430 \u0413\u0440\u0430\u0434\u0430 \u041f\u0430\u043d\u0447\u0435\u0432\u0430","potentialAction":[{"@type":"SearchAction","target":{"@type":"EntryPoint","urlTemplate":"https:\/\/www.pancevo.rs\/bg\/?s={search_term_string}"},"query-input":{"@type":"PropertyValueSpecification","valueRequired":true,"valueName":"search_term_string"}}],"inLanguage":"ro-RO"}]}},"_links":{"self":[{"href":"https:\/\/www.pancevo.rs\/ro\/wp-json\/wp\/v2\/pages\/25486\/"}],"collection":[{"href":"https:\/\/www.pancevo.rs\/ro\/wp-json\/wp\/v2\/pages\/"}],"about":[{"href":"https:\/\/www.pancevo.rs\/ro\/wp-json\/wp\/v2\/types\/page\/"}],"author":[{"embeddable":true,"href":"https:\/\/www.pancevo.rs\/ro\/wp-json\/wp\/v2\/users\/40\/"}],"replies":[{"embeddable":true,"href":"https:\/\/www.pancevo.rs\/ro\/wp-json\/wp\/v2\/comments\/?post=25486"}],"version-history":[{"count":0,"href":"https:\/\/www.pancevo.rs\/ro\/wp-json\/wp\/v2\/pages\/25486\/revisions\/"}],"wp:attachment":[{"href":"https:\/\/www.pancevo.rs\/ro\/wp-json\/wp\/v2\/media\/?parent=25486"}],"curies":[{"name":"wp","href":"https:\/\/api.w.org\/{rel}","templated":true}]}}