{"id":25123,"date":"2014-07-17T11:14:33","date_gmt":"2014-07-17T09:14:33","guid":{"rendered":"http:\/\/demo.pancevo.rs\/?page_id=25123"},"modified":"2020-04-23T13:36:53","modified_gmt":"2020-04-23T11:36:53","slug":"pancevo-a-lehetosegek-varosa-2","status":"publish","type":"page","link":"https:\/\/www.pancevo.rs\/hu\/","title":{"rendered":"A lehet\u0151s\u00e9gek v\u00e1rosa"},"content":{"rendered":"<div class=\"fusion-fullwidth fullwidth-box fusion-builder-row-1 hundred-percent-fullwidth non-hundred-percent-height-scrolling\" style=\"--awb-border-radius-top-left:0px;--awb-border-radius-top-right:0px;--awb-border-radius-bottom-right:0px;--awb-border-radius-bottom-left:0px;--awb-overflow:visible;--awb-flex-wrap:wrap;\" ><div class=\"fusion-builder-row fusion-row\"><div class=\"fusion-layout-column fusion_builder_column fusion-builder-column-0 fusion_builder_column_2_3 2_3 fusion-two-third fusion-column-first\" style=\"--awb-bg-size:cover;width:65.3333%; margin-right: 4%;\"><div class=\"fusion-column-wrapper fusion-flex-column-wrapper-legacy\"><div class=\"fusion-title title fusion-title-1 fusion-title-text fusion-title-size-two\"><h2 class=\"fusion-title-heading title-heading-left\" style=\"margin:0;\">Pan\u010devo &#8211; A lehet\u0151s\u00e9gek v\u00e1rosa<\/h2><span class=\"awb-title-spacer\"><\/span><div class=\"title-sep-container\"><div class=\"title-sep sep-double sep-solid\" style=\"border-color:#e0dede;\"><\/div><\/div><\/div>\n<p style=\"text-align: justify;\">Pancevo v\u00e1rosa Vajdas\u00e1g d\u00e9li r\u00e9sz\u00e9n ter\u00fcl el, mind\u00f6ssze 18 km-re tal\u00e1lhat\u00f3 Belgr\u00e1dt\u00f3l , a d\u00e9l B\u00e1n\u00e1ti r\u00e9gi\u00f3 k\u00f6zigazgat\u00e1si, gazdas\u00e1gi \u00e9s kult\u00far\u00e1lis k\u00f6zpontja. A v\u00e1ros ter\u00fclete 755 km2 \u00e9s mag\u00e1ba foglal m\u00e9g 9 telep\u00fcl\u00e9st : Banatski Brestovac, Banatsko Novo Selo, Glogonj, Dolovo, Ivanovo, Jabuka, Kacarevo, Omoljicu \u00e9s Starcevo. A kedvez\u0151 f\u00f6ldrajzi helyzet\u00e9nek k\u00f6sz\u00f6nhet\u0151en h\u00e1rom foly\u00f3ra is van kij\u00e1rata, 7-es k\u00f6zleked\u00e9si folyos\u00f3 ( Duna-i transzferz\u00e1lis), valamint a 10-es k\u00f6zleked\u00e9si folyos\u00f3 \u00e9s a \u201eNikola Tesla\u201c nemzetk\u00f6zi rept\u00e9r k\u00f6zels\u00e9ge is el\u0151nyt jelent.<\/p>\n<p style=\"text-align: justify;\">A v\u00e1ros amely a Tamis foly\u00f3 Dun\u00e1ba val\u00f3 torkolat\u00e1n\u00e1l tal\u00e1lhat\u00f3 m\u00e1r a IX. sz\u00e1zadban emlegetik mint: Bansif, Panuka, Panusca, Panoca, Pancsova, Pantschowa \u00e9s Panzova. A valamikori Panuka a tr\u00e1kok \u00e9s r\u00f3maiak \u00e1ltal \u00e9p\u00edtet v\u00e1rom alapjaira \u00e9p\u00fclt, \u00e9s a XVIII.-ik sz\u00e1zad k\u00f6zep\u00e9n az oszt\u00e1kok lerombolt\u00e1k. A v\u00e1ros, B\u00e1n\u00e1tb\u00f3l a t\u00f6r\u00f6k\u00f6k ki\u00fcz\u00e9se ut\u00e1n, az Oszt\u00e1k Monarchia r\u00e9sze lett, mint \u00f6n\u00e1ll\u00f3 tartom\u00e1ny, Tamisi B\u00e1n\u00e1t n\u00e9vvel. 1794-ben szabad v\u00e1ros\u00e1 ny\u00edlv\u00e1nitj\u00e1k, \u00e9s a szigor\u00fa katonai szab\u00e1lyokat felv\u00e1ltotta a v\u00e1ros telep\u00fcl\u00e9s rendez\u00e9s\u00e9nek fejl\u0151d\u00e9se, valamint a mesters\u00e9gek, kereskedelem \u00e9s a kult\u00fara fellend\u0171l\u00e9se. A XIX. sz\u00e1zad v\u00e9g\u00e9n a telep\u00fcl\u00e9sen tal\u00e1lhat\u00f3 int\u00e9zm\u00e9nyek: k\u00e9t g\u00f6r\u00f6gkatolikus templom, egy katolikus templom, egy evang\u00e9likus \u00e9s egy reform\u00e1tus templom, egy rom\u00e1n-g\u00f6r\u00f6gkatalikus \u00e9s egy zsid\u00f3 imah\u00e1z, valamint gimn\u00e1zium \u00e9s \u00f6t iskola. A XVIII. sz\u00e1zad v\u00e9g\u00e9n \u00e9s a XIX. sz\u00e1zad elej\u00e9n j\u00f6n l\u00e9tre a v\u00e1ros mai t\u00f6rt\u00e9nelmi k\u00f6zpontja, kialakulnak a v\u00e1rosi terek. Ebben az id\u0151szakban alakulnak meg a lakosok \u00e1ltal l\u00e9trehozott k\u00f6z\u00f6s\u00fcl\u00e9sek, mint az al\u00e1bb felsoroltak : C\u00e9ll\u00f6v\u00e9szek egyes\u00fclete ( 1813) \u00e9s a Pancevoi szerb templomi \u00e9nekkar (1838), amelyek a mai napig fenmaradtak. 1869-ben megalakul a \u201ePancevac\u201c \u00fajs\u00e1g szerkeszt\u0151s\u00e9ge \u2013 amely a legr\u00e9gebbi fen\u00e1ll\u00e1s\u00fa hetilap Balk\u00e1n f\u00e9lszigeten. XIX. sz\u00e1zad v\u00e9g\u00e9n a v\u00e1rost vas\u00fatvonallal \u00f6sszek\u00f6tik Becskerekkel \u00e9s Verseccel, de egyidej\u00fcleg a Tamis foly\u00f3 medr\u00e9nek rendez\u00e9se is beindul, mindezen v\u00e1ltoz\u00e1sok hozz\u00e1j\u00e1rulnak a telep\u00fcl\u00e9s ipari \u00e9s kereskedelmi fejl\u0151d\u00e9s\u00e9hez. A h\u00e1bor\u00fa ut\u00e1ni id\u0151szakban felgyorsul az iparosod\u00e1s \u00e9s az \u00faj bev\u00e1ndorl\u00f3knak k\u00f6sz\u00f6nhet\u0151en megv\u00e1ltozik a v\u00e1ros l\u00e1tk\u00e9pe.<\/p>\n<p style=\"text-align: justify;\">A 2011-ben elv\u00e9gzett lakoss\u00e1gi \u00f6ssze\u00edr\u00e1sn\u00e1l Pancevo v\u00e1rosban 123.144 lakos volt, a k\u00f6vetkez\u0151 felbont\u00e1sban 79% szerbek, 3,69% macedonok, 2,77% magyarok, 2,57% rom\u00e1nok, 1,71% rom\u00e1k, 1,15% szlov\u00e1kok, valamint a fenmaradt 20 k\u00fcl\u00f6nb\u00f6z\u00f6 nemzetis\u00e9g k\u00e9pezte a lakoss\u00e1g kevesebb mint 1%-\u00e1t.<\/p>\n<p style=\"text-align: justify;\">Pancevo mint v\u00e1ros nagyon gazdag kult\u00far\u00e1lis \u00e9s ipari \u00f6rks\u00e9ggel rendelkezik. T\u00f6bbek k\u00f6z\u00f6tt a v\u00e1ros h\u00e1rom eml\u00e9km\u0171vel rendelkezik, melyeket a Kult\u00far\u00e1lis Minisz\u00e9rium nagy jelent\u0151s\u00e9g\u0171 mozd\u00edthatatlan kult\u00far\u00e1lis javaknak nevezett ki: \u00c1tv\u00e1ltoz\u00e1s temploma, Vojlovica-i kolostor \u00e9s az archelogiai lel\u0151hely Grad Starcevo-n\u00e1l. Pancevo v\u00e1rossz\u00edv\u00e9ben tal\u00e1lhat\u00f3 a legr\u00e9gebbi ipari l\u00e9tes\u00edtm\u00e9ny Vajdas\u00e1gban \u2013 1722-ben \u00e9p\u00fclt s\u00f6rf\u00f6zde. Az \u00e9p\u00fcletek melyek a v\u00e1ros ipari hagyat\u00e9k\u00e1r\u00f3l tanuskodnak a Tamis foly\u00f3 mellet vannak csoportos\u00edtva \u00e9s ezen \u00e9p\u00fclet egy\u00fcttesek a k\u00f6vetkez\u0151k:Vajfert s\u00f6rf\u0151zde, Piros rakt\u00e1r, v-ztorony, g\u0151zmalom, Svilara stb. A m\u00e1sodik iparosod\u00e1s alatt, a k\u00e9t vil\u00e1gh\u00e1boru k\u00f6z\u00f6tti id\u0151szakban, l\u00e9tes\u00fclnek a k\u00f6vetkez\u0151 gy\u00e1rak: \u201eTesla\u201c villanyk\u00f6rte gy\u00e1rt\u00f3 \u00fczem, s\u00edk\u00fcveg gy\u00e1rt\u00f3 \u00fczem, \u201eUtva\u201c rep\u00fcl\u0151g\u00e9p gy\u00e1rt\u00f3 \u00fczem, m\u00edg a harmadik legjelent\u0151sebb iparosod\u00e1s alatt alakulnak meg a k\u00f6vetkez\u0151 \u00fczemek, mely a m\u00e1sodik vil\u00e1gh\u00e1bor\u00fa ut\u00e1ni id\u0151szak : olajfinom\u00edt\u00f3, \u201eAzotara\u201c \u00e9s \u201ePetrohemija\u201c. A v\u00e1ros j\u00f3 f\u00f6ldrajzi strat\u00e9giai elhelyezked\u00e9snek k\u00f6sz\u00f6nhet\u0151en Pancevo v\u00e1ros ipara vir\u00e1gz\u00f3 j\u00f6v\u0151 el\u00e9 tekinthet, annak ellen\u00e9re, hogy az elm\u00falt id\u0151szakban kedvez\u0151tlen hat\u00e1sok \u00e9rt\u00e9k.<\/p>\n<p style=\"text-align: justify;\">2007.12.29-\u00e9n kapta meg a v\u00e1rosi st\u00e1tuszt Pancevo, a helyi \u00f6nkorm\u00e1nyzatot a v\u00e1rosi k\u00e9pvisel\u0151-test\u00fclet, a polg\u00e1rmester, a v\u00e1rosi tan\u00e1cs valamint a v\u00e1rosi k\u00f6zigazgat\u00e1si hivatal alkotja. A v\u00e1rosi szolg\u00e1ltat\u00f3 k\u00f6zpont 2009-ben kezdte meg munk\u00e1j\u00e1t, ezzel a v\u00e1rosi k\u00f6zigazgat\u00e1si hivatal lehet\u0151v\u00e9 tette a lakoss\u00e1gnak \u00e9s a jogi szem\u00e9lyeknek a min\u0151s\u00e9gibb, eredm\u00e9nyesebb \u00e9s korszer\u00fcbb megold\u00e1s\u00e1t sz\u00fcks\u00e9gleteiknek. A nemzetk\u00f6zi egy\u00fcttm\u00fck\u0151d\u00e9s c\u00e9lj\u00e1b\u00f3l Pancevo v\u00e1rosa al\u00e1\u00edrt 14 oklevelet hat\u00e1ron t\u00fali v\u00e1rosokkal melyekkel testv\u00e9rv\u00e1rosi kapcsolat j\u00f6tt l\u00e9tre, a legintenz\u00edvebb kapcsolat Ravena provinci\u00e1val \u00e1ll fen.<\/p>\n<p style=\"text-align: justify;\">A v\u00e1ros gazdag kult\u00far\u00e1lis \u00e9lettel b\u00fcszk\u00e9lkedhet, mely 15 akt\u00edv kult\u00far\u00e1lis k\u00f6zponton kereszt\u00fcl bonyolodik le, valamint t\u00f6bb mint 40 rendezv\u00e9ny szervez\u00e9s\u00e9ben \u00e9vente. Sportolok v\u00e1ros\u00e1nak is tekintik a telep\u00fcl\u00e9st tekintettel hogy r\u00e9gotta ismert kiemelked\u0151 sportoloir\u00f3l.<div class=\"fusion-clearfix\"><\/div><\/div><\/div>\n<p style=\"text-align: justify;\"><div class=\"fusion-layout-column fusion_builder_column fusion-builder-column-1 fusion_builder_column_1_3 1_3 fusion-one-third fusion-column-last\" style=\"--awb-bg-size:cover;width:30.6666%;\"><div class=\"fusion-column-wrapper fusion-flex-column-wrapper-legacy\">\n<p style=\"text-align: justify;\"><div class=\"fusion-title title fusion-title-2 fusion-title-text fusion-title-size-two\"><h2 class=\"fusion-title-heading title-heading-left\" style=\"margin:0;\"><\/h2><span class=\"awb-title-spacer\"><\/span><div class=\"title-sep-container\"><div class=\"title-sep sep-double sep-solid\" style=\"border-color:#e0dede;\"><\/div><\/div><\/div>\n<p style=\"text-align: left;\"><a href=\"http:\/\/www.pancevo.rs\/sadrzaj\/uploads\/2015\/12\/Statut-grada-Pan\u010deva-madjarski.pdf\">Pancsova v\u00e1ros alapszab\u00e1lyzata<\/a><\/p>\n<p style=\"text-align: left;\"><a href=\"http:\/\/www.pancevo.rs\/sadrzaj\/uploads\/2015\/12\/vodic_otvaranje-firme-HUN.pdf\">Kezd\u0151 v\u00e1llalkoz\u00e1s \u00fatmutat\u00f3<\/a><\/p>\n<p style=\"text-align: left;\"><a href=\"http:\/\/www.pancevo.rs\/sadrzaj\/uploads\/2015\/12\/Tekst-HUN.pdf\">A n\u0151k elleni er\u0151szak<\/a><\/p>\n<p style=\"text-align: left;\"><a href=\"http:\/\/www.pancevo.rs\/sadrzaj\/uploads\/2015\/12\/Nova-odluka-o-socijalnoj-zastiti-HUN.pdf\">Hat\u00e1rozat Pancsova v\u00e1ros polg\u00e1rainak szoci\u00e1lis v\u00e9delm\u00e9r\u0151l<\/a><\/p>\n<p><a href=\"http:\/\/www.pancevo.rs\/hu\/a-veszhelyzeti-helyzetek\/\"><span lang=\"SR-LATN-RS\">A V\u00c9SZHELYZETI HELYZETEK<\/span><\/a><\/p>\n<p style=\"text-align: justify;\"><div class=\"fusion-clearfix\"><\/div><\/div><\/div>\n<\/div><\/div>\n","protected":false},"excerpt":{"rendered":"","protected":false},"author":1,"featured_media":0,"parent":0,"menu_order":0,"comment_status":"closed","ping_status":"closed","template":"100-width.php","meta":{"_cbd_carousel_blocks":"[]","footnotes":""},"class_list":["post-25123","page","type-page","status-publish","hentry"],"yoast_head":"<!-- This site is optimized with the Yoast SEO plugin v26.4 - https:\/\/yoast.com\/wordpress\/plugins\/seo\/ -->\n<title>A lehet\u0151s\u00e9gek v\u00e1rosa - \u0413\u0440\u0430\u0434 \u041f\u0430\u043d\u0447\u0435\u0432\u043e<\/title>\n<meta name=\"robots\" content=\"index, follow, max-snippet:-1, max-image-preview:large, max-video-preview:-1\" \/>\n<link rel=\"canonical\" href=\"https:\/\/www.pancevo.rs\/hu\/\" \/>\n<meta property=\"og:locale\" content=\"hu_HU\" \/>\n<meta property=\"og:type\" content=\"article\" \/>\n<meta property=\"og:title\" content=\"A lehet\u0151s\u00e9gek v\u00e1rosa - \u0413\u0440\u0430\u0434 \u041f\u0430\u043d\u0447\u0435\u0432\u043e\" \/>\n<meta property=\"og:url\" content=\"https:\/\/www.pancevo.rs\/hu\/\" \/>\n<meta property=\"og:site_name\" content=\"\u0413\u0440\u0430\u0434 \u041f\u0430\u043d\u0447\u0435\u0432\u043e\" \/>\n<meta property=\"article:modified_time\" content=\"2020-04-23T11:36:53+00:00\" \/>\n<meta name=\"twitter:card\" content=\"summary_large_image\" \/>\n<meta name=\"twitter:label1\" content=\"Becs\u00fclt olvas\u00e1si id\u0151\" \/>\n\t<meta name=\"twitter:data1\" content=\"6 perc\" \/>\n<script type=\"application\/ld+json\" class=\"yoast-schema-graph\">{\"@context\":\"https:\/\/schema.org\",\"@graph\":[{\"@type\":\"WebPage\",\"@id\":\"https:\/\/www.pancevo.rs\/hu\/\",\"url\":\"https:\/\/www.pancevo.rs\/hu\/\",\"name\":\"A lehet\u0151s\u00e9gek v\u00e1rosa - \u0413\u0440\u0430\u0434 \u041f\u0430\u043d\u0447\u0435\u0432\u043e\",\"isPartOf\":{\"@id\":\"https:\/\/www.pancevo.rs\/bg\/#website\"},\"datePublished\":\"2014-07-17T09:14:33+00:00\",\"dateModified\":\"2020-04-23T11:36:53+00:00\",\"breadcrumb\":{\"@id\":\"https:\/\/www.pancevo.rs\/hu\/#breadcrumb\"},\"inLanguage\":\"hu\",\"potentialAction\":[{\"@type\":\"ReadAction\",\"target\":[\"https:\/\/www.pancevo.rs\/hu\/\"]}]},{\"@type\":\"BreadcrumbList\",\"@id\":\"https:\/\/www.pancevo.rs\/hu\/#breadcrumb\",\"itemListElement\":[{\"@type\":\"ListItem\",\"position\":1,\"name\":\"Home\",\"item\":\"https:\/\/www.pancevo.rs\/hu\/\"},{\"@type\":\"ListItem\",\"position\":2,\"name\":\"A lehet\u0151s\u00e9gek v\u00e1rosa\"}]},{\"@type\":\"WebSite\",\"@id\":\"https:\/\/www.pancevo.rs\/bg\/#website\",\"url\":\"https:\/\/www.pancevo.rs\/bg\/\",\"name\":\"\u0413\u0440\u0430\u0434 \u041f\u0430\u043d\u0447\u0435\u0432\u043e\",\"description\":\"\u0417\u0432\u0430\u043d\u0438\u0447\u043d\u0430 \u043f\u0440\u0435\u0437\u0435\u043d\u0442\u0430\u0446\u0438\u0458\u0430 \u0413\u0440\u0430\u0434\u0430 \u041f\u0430\u043d\u0447\u0435\u0432\u0430\",\"potentialAction\":[{\"@type\":\"SearchAction\",\"target\":{\"@type\":\"EntryPoint\",\"urlTemplate\":\"https:\/\/www.pancevo.rs\/bg\/?s={search_term_string}\"},\"query-input\":{\"@type\":\"PropertyValueSpecification\",\"valueRequired\":true,\"valueName\":\"search_term_string\"}}],\"inLanguage\":\"hu\"}]}<\/script>\n<!-- \/ Yoast SEO plugin. -->","yoast_head_json":{"title":"A lehet\u0151s\u00e9gek v\u00e1rosa - \u0413\u0440\u0430\u0434 \u041f\u0430\u043d\u0447\u0435\u0432\u043e","robots":{"index":"index","follow":"follow","max-snippet":"max-snippet:-1","max-image-preview":"max-image-preview:large","max-video-preview":"max-video-preview:-1"},"canonical":"https:\/\/www.pancevo.rs\/hu\/","og_locale":"hu_HU","og_type":"article","og_title":"A lehet\u0151s\u00e9gek v\u00e1rosa - \u0413\u0440\u0430\u0434 \u041f\u0430\u043d\u0447\u0435\u0432\u043e","og_url":"https:\/\/www.pancevo.rs\/hu\/","og_site_name":"\u0413\u0440\u0430\u0434 \u041f\u0430\u043d\u0447\u0435\u0432\u043e","article_modified_time":"2020-04-23T11:36:53+00:00","twitter_card":"summary_large_image","twitter_misc":{"Becs\u00fclt olvas\u00e1si id\u0151":"6 perc"},"schema":{"@context":"https:\/\/schema.org","@graph":[{"@type":"WebPage","@id":"https:\/\/www.pancevo.rs\/hu\/","url":"https:\/\/www.pancevo.rs\/hu\/","name":"A lehet\u0151s\u00e9gek v\u00e1rosa - \u0413\u0440\u0430\u0434 \u041f\u0430\u043d\u0447\u0435\u0432\u043e","isPartOf":{"@id":"https:\/\/www.pancevo.rs\/bg\/#website"},"datePublished":"2014-07-17T09:14:33+00:00","dateModified":"2020-04-23T11:36:53+00:00","breadcrumb":{"@id":"https:\/\/www.pancevo.rs\/hu\/#breadcrumb"},"inLanguage":"hu","potentialAction":[{"@type":"ReadAction","target":["https:\/\/www.pancevo.rs\/hu\/"]}]},{"@type":"BreadcrumbList","@id":"https:\/\/www.pancevo.rs\/hu\/#breadcrumb","itemListElement":[{"@type":"ListItem","position":1,"name":"Home","item":"https:\/\/www.pancevo.rs\/hu\/"},{"@type":"ListItem","position":2,"name":"A lehet\u0151s\u00e9gek v\u00e1rosa"}]},{"@type":"WebSite","@id":"https:\/\/www.pancevo.rs\/bg\/#website","url":"https:\/\/www.pancevo.rs\/bg\/","name":"\u0413\u0440\u0430\u0434 \u041f\u0430\u043d\u0447\u0435\u0432\u043e","description":"\u0417\u0432\u0430\u043d\u0438\u0447\u043d\u0430 \u043f\u0440\u0435\u0437\u0435\u043d\u0442\u0430\u0446\u0438\u0458\u0430 \u0413\u0440\u0430\u0434\u0430 \u041f\u0430\u043d\u0447\u0435\u0432\u0430","potentialAction":[{"@type":"SearchAction","target":{"@type":"EntryPoint","urlTemplate":"https:\/\/www.pancevo.rs\/bg\/?s={search_term_string}"},"query-input":{"@type":"PropertyValueSpecification","valueRequired":true,"valueName":"search_term_string"}}],"inLanguage":"hu"}]}},"_links":{"self":[{"href":"https:\/\/www.pancevo.rs\/hu\/wp-json\/wp\/v2\/pages\/25123\/"}],"collection":[{"href":"https:\/\/www.pancevo.rs\/hu\/wp-json\/wp\/v2\/pages\/"}],"about":[{"href":"https:\/\/www.pancevo.rs\/hu\/wp-json\/wp\/v2\/types\/page\/"}],"author":[{"embeddable":true,"href":"https:\/\/www.pancevo.rs\/hu\/wp-json\/wp\/v2\/users\/1\/"}],"replies":[{"embeddable":true,"href":"https:\/\/www.pancevo.rs\/hu\/wp-json\/wp\/v2\/comments\/?post=25123"}],"version-history":[{"count":11,"href":"https:\/\/www.pancevo.rs\/hu\/wp-json\/wp\/v2\/pages\/25123\/revisions\/"}],"predecessor-version":[{"id":84981,"href":"https:\/\/www.pancevo.rs\/hu\/wp-json\/wp\/v2\/pages\/25123\/revisions\/84981\/"}],"wp:attachment":[{"href":"https:\/\/www.pancevo.rs\/hu\/wp-json\/wp\/v2\/media\/?parent=25123"}],"curies":[{"name":"wp","href":"https:\/\/api.w.org\/{rel}","templated":true}]}}