{"id":25105,"date":"2015-12-04T13:49:45","date_gmt":"2015-12-04T12:49:45","guid":{"rendered":"http:\/\/demo.pancevo.rs\/?page_id=25105"},"modified":"2016-02-03T14:05:28","modified_gmt":"2016-02-03T13:05:28","slug":"szervezeti-felepites","status":"publish","type":"page","link":"https:\/\/www.pancevo.rs\/hu\/szervezeti-felepites\/","title":{"rendered":"Szervezeti fel\u00e9p\u00edt\u00e9s"},"content":{"rendered":"<p style=\"text-align: justify;\">Pancsev\u00f3ban a\u00a0v\u00e1rosi k\u00f6zigazgat\u00e1si hivatal mint egy egyedi szerv lett kialak\u00edtva, melynek keretein bel\u00fcl m\u00fck\u0151dnek az egyes szervezeti egys\u00e9gek :<br \/>\n&#8211; Polg\u00e1rmesteri hivatal<br \/>\n&#8211; 8 titk\u00e1rs\u00e1g ( \u00e1ltal\u00e1nos k\u00f6zigazgat\u00e1s, k\u00e9pvisel\u0151 test\u00fclet \u00fcgyeivel foglalkoz\u00f3, polg\u00e1rmester \u00e9s a\u00a0v\u00e1rosi tan\u00e1cs \u00fcgyeivel, k\u00f6zszolg\u00e1lati \u00e9s szoci\u00e1lis k\u00e9rd\u00e9sek, v\u00e1rosrendez\u00e9s \u00e9s \u00e9p\u00edt\u00e9si \u00e9s lak\u00e1s-kommun\u00e1lis k\u00e9rd\u00e9sek, gazdas\u00e1gi \u00e9s k\u00f6zgazdas\u00e1gi fejl\u0151d\u00e9s\u00e9rt felel\u0151s titk\u00e1rs\u00e1g, ad\u00f3\u00fcgyi igazgat\u00f3s\u00e1g, mez\u0151gazdas\u00e1gi titk\u00e1rs\u00e1g, falu \u00e9s ter\u00fclet\u00e9nek felj\u0151d\u00e9s\u00e9\u00e9rt felel\u0151s titk\u00e1rs\u00e1g \u00e9s a\u00a0fel\u00fcgyeleti \u00fcgyek\u00e9rt felel\u0151s titk\u00e1rs\u00e1g)<br \/>\n&#8211; 3 \u00fcgyn\u0151ks\u00e9g ( k\u00f6zbeszerz\u00e9sek, k\u00f6zleked\u00e9s \u00e9s az ingatlan )<br \/>\n&#8211; A k\u00f6z\u00f6s \u00fcgyek szolg\u00e1lata<br \/>\n&#8211; Kommun\u00e1lis fel\u00fcgyel\u0151s\u00e9g<br \/>\nA v\u00e1rosi hivatal munk\u00e1j\u00e1nak k\u00f6rszer\u00fcs\u00edt\u00e9se \u00e9s fejleszt\u00e9se \u00e9rdek\u00e9ben Pancsev\u00f3 v\u00e1ros 2009. juni\u00fas\u00e1ban megny\u00edtotta a a v\u00e1rosi szolg\u00e1ltat\u00f3 k\u00f6zpontot \u2013 a nagy szolg\u00e1ltat\u00f3i teremben ahol 22 \u00fcgyf\u00e9lfogad\u00f3 hely van, \u00e9s a helysz\u00edn a fel\u00faj\u00edtott v\u00e1rosi hivatal f\u00f6ldszintje. A szolg\u00e1ltat\u00f3 k\u00f6zpont ny\u00edtvatart\u00e1si ideje munkanapokon 8 \u2013 15 \u00f3r\u00e1ig, de inform\u00e1ci\u00f3t lehet m\u00e9g k\u00e9rni a 013\/311-211-es telefonsz\u00e1mon vagy a <a href=\"mailto:usluznicentar@pancevo.rs\">usluznicentar@pancevo.rs<\/a> lev\u00e9lc\u00edmen.<br \/>\nJelen \u00fajs\u00e1g k\u00f6vetkez\u0151 lapjain b\u0151vebben le\u00edrjuk a hivatalok hat\u00e1sk\u00f6r\u00e9t, felhatalmaz\u00e1sait \u00e9s k\u00f6telezets\u00e9geit. Az \u00e1ttekinthet\u0151 \u00e9s \u00e9rtelmessen le\u00edrt magyar\u00e1zatoknak k\u00f6sz\u00f6nhet\u0151en k\u00f6nnyebb lesz a lakosoknak a megfelel\u0151 szervhez fordulniuk ha k\u00fcl\u00f6nb\u00f6z\u0151 gondjuk t\u00e1mad, \u00e9s \u00edgy tudj\u00e1k jogaikat is megfelel\u0151en k\u00e9pviselni.<br \/>\nEz az inform\u00e1ci\u00f3s lap seg\u00edt a polg\u00e1roknak fel\u00edratkozni a v\u00e1laszt\u00e1si n\u00e9vjegyz\u00e9kre, munkav\u00e1llal\u00f3i k\u00f6nyvecske ig\u00e9nyl\u00e9s\u00e9re, anyak\u00f6nyvi kivonat ig\u00e9nyl\u00e9s\u00e9re vagy \u00e9p\u00edt\u00e9si enged\u00e9ly k\u00e9rv\u00e9nyez\u00e9s\u00e9re, h\u00e1zass\u00e1gk\u00f6t\u00e9si \u00fatmutat\u00e1s, szem\u00e9lyek sz\u00e1ll\u00edt\u00e1s\u00e1nak enged\u00e9lyeztet\u00e9se, vend\u00e9gl\u00e1t\u00f3 egys\u00e9g munkaidej\u00e9nek meghosszabb\u00edt\u00e1s\u00e1nak k\u00e9rv\u00e9nyez\u00e9se, az ad\u00f3 tartoz\u00e1s fizet\u00e9s\u00e9nek halaszt\u00e1s\u00e1hoz sz\u00fcks\u00e9ges ok\u00edratok beny\u00fajt\u00e1sa \u00e9s \u00edgy tov\u00e1bb. A fenti felsorol\u00e1s csak n\u00e9h\u00e1ny hivatalos \u00fcgy amelyet Pancsev\u00f3 v\u00e1ros k\u00f6zigazgatt\u00e1si hivatal\u00e1ban megoldhatnak \u00e9s a jogaikat tudj\u00e1k \u00e9rv\u00e9nyes\u00edteni.<br \/>\nA hivatalok r\u00e9szletes fenhat\u00f3s\u00e1gainak le\u00edr\u00e1sa a munkamenet folyamat\u00e1val \u00e9s m\u00e1s fontos \u00e9rtes\u00edt\u00e9sek tal\u00e1lhat\u00f3k az al\u00e1bbi oldalakon.<\/p>\n","protected":false},"excerpt":{"rendered":"<p>Pancsev\u00f3ban a\u00a0v\u00e1rosi k\u00f6zigazgat\u00e1si hivatal mint egy egyedi szerv lett kialak\u00edtva, melynek keretein bel\u00fcl m\u00fck\u0151dnek az egyes szervezeti egys\u00e9gek : &#8211; Polg\u00e1rmesteri hivatal &#8211; 8 titk\u00e1rs\u00e1g ( \u00e1ltal\u00e1nos k\u00f6zigazgat\u00e1s, k\u00e9pvisel\u0151 test\u00fclet \u00fcgyeivel foglalkoz\u00f3, polg\u00e1rmester \u00e9s a\u00a0v\u00e1rosi tan\u00e1cs \u00fcgyeivel, k\u00f6zszolg\u00e1lati \u00e9s szoci\u00e1lis k\u00e9rd\u00e9sek, v\u00e1rosrendez\u00e9s \u00e9s \u00e9p\u00edt\u00e9si \u00e9s lak\u00e1s-kommun\u00e1lis k\u00e9rd\u00e9sek, gazdas\u00e1gi \u00e9s k\u00f6zgazdas\u00e1gi fejl\u0151d\u00e9s\u00e9rt felel\u0151s titk\u00e1rs\u00e1g, ad\u00f3\u00fcgyi igazgat\u00f3s\u00e1g, mez\u0151gazdas\u00e1gi titk\u00e1rs\u00e1g, falu \u00e9s ter\u00fclet\u00e9nek felj\u0151d\u00e9s\u00e9\u00e9rt felel\u0151s titk\u00e1rs\u00e1g \u00e9s a\u00a0fel\u00fcgyeleti \u00fcgyek\u00e9rt felel\u0151s titk\u00e1rs\u00e1g) &#8211; 3 \u00fcgyn\u0151ks\u00e9g ( k\u00f6zbeszerz\u00e9sek, k\u00f6zleked\u00e9s \u00e9s az ingatlan ) &#8211; A k\u00f6z\u00f6s \u00fcgyek szolg\u00e1lata &#8211; Kommun\u00e1lis fel\u00fcgyel\u0151s\u00e9g A v\u00e1rosi hivatal munk\u00e1j\u00e1nak k\u00f6rszer\u00fcs\u00edt\u00e9se \u00e9s fejleszt\u00e9se \u00e9rdek\u00e9ben Pancsev\u00f3 v\u00e1ros 2009. juni\u00fas\u00e1ban megny\u00edtotta a a v\u00e1rosi szolg\u00e1ltat\u00f3 k\u00f6zpontot \u2013 a nagy szolg\u00e1ltat\u00f3i teremben ahol 22 \u00fcgyf\u00e9lfogad\u00f3 hely van, \u00e9s a helysz\u00edn a fel\u00faj\u00edtott v\u00e1rosi hivatal f\u00f6ldszintje. A szolg\u00e1ltat\u00f3 k\u00f6zpont ny\u00edtvatart\u00e1si ideje munkanapokon 8 \u2013 15 \u00f3r\u00e1ig, de inform\u00e1ci\u00f3t lehet m\u00e9g k\u00e9rni a 013\/311-211-es telefonsz\u00e1mon vagy a usluznicentar@pancevo.rs lev\u00e9lc\u00edmen. Jelen \u00fajs\u00e1g k\u00f6vetkez\u0151 lapjain b\u0151vebben le\u00edrjuk  [&#8230;]<\/p>\n","protected":false},"author":17,"featured_media":0,"parent":0,"menu_order":0,"comment_status":"closed","ping_status":"closed","template":"","meta":{"_cbd_carousel_blocks":"[]","footnotes":""},"class_list":["post-25105","page","type-page","status-publish","hentry"],"yoast_head":"<!-- This site is optimized with the Yoast SEO plugin v26.4 - https:\/\/yoast.com\/wordpress\/plugins\/seo\/ -->\n<title>Szervezeti fel\u00e9p\u00edt\u00e9s - \u0413\u0440\u0430\u0434 \u041f\u0430\u043d\u0447\u0435\u0432\u043e<\/title>\n<meta name=\"robots\" content=\"index, follow, max-snippet:-1, max-image-preview:large, max-video-preview:-1\" \/>\n<link rel=\"canonical\" href=\"https:\/\/www.pancevo.rs\/hu\/szervezeti-felepites\/\" \/>\n<meta property=\"og:locale\" content=\"hu_HU\" \/>\n<meta property=\"og:type\" content=\"article\" \/>\n<meta property=\"og:title\" content=\"Szervezeti fel\u00e9p\u00edt\u00e9s - \u0413\u0440\u0430\u0434 \u041f\u0430\u043d\u0447\u0435\u0432\u043e\" \/>\n<meta property=\"og:description\" content=\"Pancsev\u00f3ban a\u00a0v\u00e1rosi k\u00f6zigazgat\u00e1si hivatal mint egy egyedi szerv lett kialak\u00edtva, melynek keretein bel\u00fcl m\u00fck\u0151dnek az egyes szervezeti egys\u00e9gek : &#8211; Polg\u00e1rmesteri hivatal &#8211; 8 titk\u00e1rs\u00e1g ( \u00e1ltal\u00e1nos k\u00f6zigazgat\u00e1s, k\u00e9pvisel\u0151 test\u00fclet \u00fcgyeivel foglalkoz\u00f3, polg\u00e1rmester \u00e9s a\u00a0v\u00e1rosi tan\u00e1cs \u00fcgyeivel, k\u00f6zszolg\u00e1lati \u00e9s szoci\u00e1lis k\u00e9rd\u00e9sek, v\u00e1rosrendez\u00e9s \u00e9s \u00e9p\u00edt\u00e9si \u00e9s lak\u00e1s-kommun\u00e1lis k\u00e9rd\u00e9sek, gazdas\u00e1gi \u00e9s k\u00f6zgazdas\u00e1gi fejl\u0151d\u00e9s\u00e9rt felel\u0151s titk\u00e1rs\u00e1g, ad\u00f3\u00fcgyi igazgat\u00f3s\u00e1g, mez\u0151gazdas\u00e1gi titk\u00e1rs\u00e1g, falu \u00e9s ter\u00fclet\u00e9nek felj\u0151d\u00e9s\u00e9\u00e9rt felel\u0151s titk\u00e1rs\u00e1g \u00e9s a\u00a0fel\u00fcgyeleti \u00fcgyek\u00e9rt felel\u0151s titk\u00e1rs\u00e1g) &#8211; 3 \u00fcgyn\u0151ks\u00e9g ( k\u00f6zbeszerz\u00e9sek, k\u00f6zleked\u00e9s \u00e9s az ingatlan ) &#8211; A k\u00f6z\u00f6s \u00fcgyek szolg\u00e1lata &#8211; Kommun\u00e1lis fel\u00fcgyel\u0151s\u00e9g A v\u00e1rosi hivatal munk\u00e1j\u00e1nak k\u00f6rszer\u00fcs\u00edt\u00e9se \u00e9s fejleszt\u00e9se \u00e9rdek\u00e9ben Pancsev\u00f3 v\u00e1ros 2009. juni\u00fas\u00e1ban megny\u00edtotta a a v\u00e1rosi szolg\u00e1ltat\u00f3 k\u00f6zpontot \u2013 a nagy szolg\u00e1ltat\u00f3i teremben ahol 22 \u00fcgyf\u00e9lfogad\u00f3 hely van, \u00e9s a helysz\u00edn a fel\u00faj\u00edtott v\u00e1rosi hivatal f\u00f6ldszintje. A szolg\u00e1ltat\u00f3 k\u00f6zpont ny\u00edtvatart\u00e1si ideje munkanapokon 8 \u2013 15 \u00f3r\u00e1ig, de inform\u00e1ci\u00f3t lehet m\u00e9g k\u00e9rni a 013\/311-211-es telefonsz\u00e1mon vagy a usluznicentar@pancevo.rs lev\u00e9lc\u00edmen. Jelen \u00fajs\u00e1g k\u00f6vetkez\u0151 lapjain b\u0151vebben le\u00edrjuk [...]\" \/>\n<meta property=\"og:url\" content=\"https:\/\/www.pancevo.rs\/hu\/szervezeti-felepites\/\" \/>\n<meta property=\"og:site_name\" content=\"\u0413\u0440\u0430\u0434 \u041f\u0430\u043d\u0447\u0435\u0432\u043e\" \/>\n<meta property=\"article:modified_time\" content=\"2016-02-03T13:05:28+00:00\" \/>\n<meta name=\"twitter:card\" content=\"summary_large_image\" \/>\n<meta name=\"twitter:label1\" content=\"Becs\u00fclt olvas\u00e1si id\u0151\" \/>\n\t<meta name=\"twitter:data1\" content=\"2 perc\" \/>\n<script type=\"application\/ld+json\" class=\"yoast-schema-graph\">{\"@context\":\"https:\/\/schema.org\",\"@graph\":[{\"@type\":\"WebPage\",\"@id\":\"https:\/\/www.pancevo.rs\/hu\/szervezeti-felepites\/\",\"url\":\"https:\/\/www.pancevo.rs\/hu\/szervezeti-felepites\/\",\"name\":\"Szervezeti fel\u00e9p\u00edt\u00e9s - \u0413\u0440\u0430\u0434 \u041f\u0430\u043d\u0447\u0435\u0432\u043e\",\"isPartOf\":{\"@id\":\"https:\/\/www.pancevo.rs\/bg\/#website\"},\"datePublished\":\"2015-12-04T12:49:45+00:00\",\"dateModified\":\"2016-02-03T13:05:28+00:00\",\"breadcrumb\":{\"@id\":\"https:\/\/www.pancevo.rs\/hu\/szervezeti-felepites\/#breadcrumb\"},\"inLanguage\":\"hu\",\"potentialAction\":[{\"@type\":\"ReadAction\",\"target\":[\"https:\/\/www.pancevo.rs\/hu\/szervezeti-felepites\/\"]}]},{\"@type\":\"BreadcrumbList\",\"@id\":\"https:\/\/www.pancevo.rs\/hu\/szervezeti-felepites\/#breadcrumb\",\"itemListElement\":[{\"@type\":\"ListItem\",\"position\":1,\"name\":\"Home\",\"item\":\"https:\/\/www.pancevo.rs\/hu\/\"},{\"@type\":\"ListItem\",\"position\":2,\"name\":\"Szervezeti fel\u00e9p\u00edt\u00e9s\"}]},{\"@type\":\"WebSite\",\"@id\":\"https:\/\/www.pancevo.rs\/bg\/#website\",\"url\":\"https:\/\/www.pancevo.rs\/bg\/\",\"name\":\"\u0413\u0440\u0430\u0434 \u041f\u0430\u043d\u0447\u0435\u0432\u043e\",\"description\":\"\u0417\u0432\u0430\u043d\u0438\u0447\u043d\u0430 \u043f\u0440\u0435\u0437\u0435\u043d\u0442\u0430\u0446\u0438\u0458\u0430 \u0413\u0440\u0430\u0434\u0430 \u041f\u0430\u043d\u0447\u0435\u0432\u0430\",\"potentialAction\":[{\"@type\":\"SearchAction\",\"target\":{\"@type\":\"EntryPoint\",\"urlTemplate\":\"https:\/\/www.pancevo.rs\/bg\/?s={search_term_string}\"},\"query-input\":{\"@type\":\"PropertyValueSpecification\",\"valueRequired\":true,\"valueName\":\"search_term_string\"}}],\"inLanguage\":\"hu\"}]}<\/script>\n<!-- \/ Yoast SEO plugin. -->","yoast_head_json":{"title":"Szervezeti fel\u00e9p\u00edt\u00e9s - \u0413\u0440\u0430\u0434 \u041f\u0430\u043d\u0447\u0435\u0432\u043e","robots":{"index":"index","follow":"follow","max-snippet":"max-snippet:-1","max-image-preview":"max-image-preview:large","max-video-preview":"max-video-preview:-1"},"canonical":"https:\/\/www.pancevo.rs\/hu\/szervezeti-felepites\/","og_locale":"hu_HU","og_type":"article","og_title":"Szervezeti fel\u00e9p\u00edt\u00e9s - \u0413\u0440\u0430\u0434 \u041f\u0430\u043d\u0447\u0435\u0432\u043e","og_description":"Pancsev\u00f3ban a\u00a0v\u00e1rosi k\u00f6zigazgat\u00e1si hivatal mint egy egyedi szerv lett kialak\u00edtva, melynek keretein bel\u00fcl m\u00fck\u0151dnek az egyes szervezeti egys\u00e9gek : &#8211; Polg\u00e1rmesteri hivatal &#8211; 8 titk\u00e1rs\u00e1g ( \u00e1ltal\u00e1nos k\u00f6zigazgat\u00e1s, k\u00e9pvisel\u0151 test\u00fclet \u00fcgyeivel foglalkoz\u00f3, polg\u00e1rmester \u00e9s a\u00a0v\u00e1rosi tan\u00e1cs \u00fcgyeivel, k\u00f6zszolg\u00e1lati \u00e9s szoci\u00e1lis k\u00e9rd\u00e9sek, v\u00e1rosrendez\u00e9s \u00e9s \u00e9p\u00edt\u00e9si \u00e9s lak\u00e1s-kommun\u00e1lis k\u00e9rd\u00e9sek, gazdas\u00e1gi \u00e9s k\u00f6zgazdas\u00e1gi fejl\u0151d\u00e9s\u00e9rt felel\u0151s titk\u00e1rs\u00e1g, ad\u00f3\u00fcgyi igazgat\u00f3s\u00e1g, mez\u0151gazdas\u00e1gi titk\u00e1rs\u00e1g, falu \u00e9s ter\u00fclet\u00e9nek felj\u0151d\u00e9s\u00e9\u00e9rt felel\u0151s titk\u00e1rs\u00e1g \u00e9s a\u00a0fel\u00fcgyeleti \u00fcgyek\u00e9rt felel\u0151s titk\u00e1rs\u00e1g) &#8211; 3 \u00fcgyn\u0151ks\u00e9g ( k\u00f6zbeszerz\u00e9sek, k\u00f6zleked\u00e9s \u00e9s az ingatlan ) &#8211; A k\u00f6z\u00f6s \u00fcgyek szolg\u00e1lata &#8211; Kommun\u00e1lis fel\u00fcgyel\u0151s\u00e9g A v\u00e1rosi hivatal munk\u00e1j\u00e1nak k\u00f6rszer\u00fcs\u00edt\u00e9se \u00e9s fejleszt\u00e9se \u00e9rdek\u00e9ben Pancsev\u00f3 v\u00e1ros 2009. juni\u00fas\u00e1ban megny\u00edtotta a a v\u00e1rosi szolg\u00e1ltat\u00f3 k\u00f6zpontot \u2013 a nagy szolg\u00e1ltat\u00f3i teremben ahol 22 \u00fcgyf\u00e9lfogad\u00f3 hely van, \u00e9s a helysz\u00edn a fel\u00faj\u00edtott v\u00e1rosi hivatal f\u00f6ldszintje. A szolg\u00e1ltat\u00f3 k\u00f6zpont ny\u00edtvatart\u00e1si ideje munkanapokon 8 \u2013 15 \u00f3r\u00e1ig, de inform\u00e1ci\u00f3t lehet m\u00e9g k\u00e9rni a 013\/311-211-es telefonsz\u00e1mon vagy a usluznicentar@pancevo.rs lev\u00e9lc\u00edmen. Jelen \u00fajs\u00e1g k\u00f6vetkez\u0151 lapjain b\u0151vebben le\u00edrjuk [...]","og_url":"https:\/\/www.pancevo.rs\/hu\/szervezeti-felepites\/","og_site_name":"\u0413\u0440\u0430\u0434 \u041f\u0430\u043d\u0447\u0435\u0432\u043e","article_modified_time":"2016-02-03T13:05:28+00:00","twitter_card":"summary_large_image","twitter_misc":{"Becs\u00fclt olvas\u00e1si id\u0151":"2 perc"},"schema":{"@context":"https:\/\/schema.org","@graph":[{"@type":"WebPage","@id":"https:\/\/www.pancevo.rs\/hu\/szervezeti-felepites\/","url":"https:\/\/www.pancevo.rs\/hu\/szervezeti-felepites\/","name":"Szervezeti fel\u00e9p\u00edt\u00e9s - \u0413\u0440\u0430\u0434 \u041f\u0430\u043d\u0447\u0435\u0432\u043e","isPartOf":{"@id":"https:\/\/www.pancevo.rs\/bg\/#website"},"datePublished":"2015-12-04T12:49:45+00:00","dateModified":"2016-02-03T13:05:28+00:00","breadcrumb":{"@id":"https:\/\/www.pancevo.rs\/hu\/szervezeti-felepites\/#breadcrumb"},"inLanguage":"hu","potentialAction":[{"@type":"ReadAction","target":["https:\/\/www.pancevo.rs\/hu\/szervezeti-felepites\/"]}]},{"@type":"BreadcrumbList","@id":"https:\/\/www.pancevo.rs\/hu\/szervezeti-felepites\/#breadcrumb","itemListElement":[{"@type":"ListItem","position":1,"name":"Home","item":"https:\/\/www.pancevo.rs\/hu\/"},{"@type":"ListItem","position":2,"name":"Szervezeti fel\u00e9p\u00edt\u00e9s"}]},{"@type":"WebSite","@id":"https:\/\/www.pancevo.rs\/bg\/#website","url":"https:\/\/www.pancevo.rs\/bg\/","name":"\u0413\u0440\u0430\u0434 \u041f\u0430\u043d\u0447\u0435\u0432\u043e","description":"\u0417\u0432\u0430\u043d\u0438\u0447\u043d\u0430 \u043f\u0440\u0435\u0437\u0435\u043d\u0442\u0430\u0446\u0438\u0458\u0430 \u0413\u0440\u0430\u0434\u0430 \u041f\u0430\u043d\u0447\u0435\u0432\u0430","potentialAction":[{"@type":"SearchAction","target":{"@type":"EntryPoint","urlTemplate":"https:\/\/www.pancevo.rs\/bg\/?s={search_term_string}"},"query-input":{"@type":"PropertyValueSpecification","valueRequired":true,"valueName":"search_term_string"}}],"inLanguage":"hu"}]}},"_links":{"self":[{"href":"https:\/\/www.pancevo.rs\/hu\/wp-json\/wp\/v2\/pages\/25105\/"}],"collection":[{"href":"https:\/\/www.pancevo.rs\/hu\/wp-json\/wp\/v2\/pages\/"}],"about":[{"href":"https:\/\/www.pancevo.rs\/hu\/wp-json\/wp\/v2\/types\/page\/"}],"author":[{"embeddable":true,"href":"https:\/\/www.pancevo.rs\/hu\/wp-json\/wp\/v2\/users\/17\/"}],"replies":[{"embeddable":true,"href":"https:\/\/www.pancevo.rs\/hu\/wp-json\/wp\/v2\/comments\/?post=25105"}],"version-history":[{"count":0,"href":"https:\/\/www.pancevo.rs\/hu\/wp-json\/wp\/v2\/pages\/25105\/revisions\/"}],"wp:attachment":[{"href":"https:\/\/www.pancevo.rs\/hu\/wp-json\/wp\/v2\/media\/?parent=25105"}],"curies":[{"name":"wp","href":"https:\/\/api.w.org\/{rel}","templated":true}]}}