{"id":10981,"date":"2014-10-23T10:57:56","date_gmt":"2014-10-23T08:57:56","guid":{"rendered":"http:\/\/demo.pancevo.rs\/?page_id=10981"},"modified":"2018-01-28T21:23:12","modified_gmt":"2018-01-28T20:23:12","slug":"invest-in-pancevo","status":"publish","type":"page","link":"https:\/\/www.pancevo.rs\/en\/invest-in-pancevo\/","title":{"rendered":"Invest in Pancevo"},"content":{"rendered":"<h2>TOP 5 REASONS TO INVEST IN PANCEVO<\/h2>\n<ol>\n<li>A city with a clear vision: Strategic plan for 2014-2020;<\/li>\n<li>Exceptional strategic location for economic development: high-quality logistics with quick connections to corridors 7 &amp; 10, with International port &#8220;Danube&#8221; Pancevo and proximity of two largest cities: Belgrade &amp; Novi Sad;<\/li>\n<li>Educated and qualified workforce;<\/li>\n<li>Supplier support industry with a great number of SMEs;<\/li>\n<li>Pancevo holder of BFC SEE Certificate from 2015<\/li>\n<\/ol>\n<p>Business Friendly Certification South East Europe (BFC SEE)\u00a0 is\u00a0 a unique program for improving\u00a0the quality of services and information that municipalities in the SEE region offer to companies.<\/p>\n<p>PANCEVO &#8211; EUROPEAN GATE OF SERBIA<\/p>\n<p style=\"text-align: justify;\">The City of Pan\u010devo is located in South Vojvodina, at the confluence of the Tami\u0161 and the Danube rivers, at the very edge of the Panonian Plain. It is the economic, cultural and administrative centre of South Banat and one of the most important industrial centres in the Republic of Serbia. Including its 10 surrounding villages, the city area covers 756 km2. Pan\u010devo is just 18 km away from Belgrade and 40 km away form the Nikola Tesla International Airport. Its ethnically diverse population numbers 123,414 of which majority are Serb. 67% of them are working-age population and 10% are with college or university education which is well over the Republic average.The climate is exceptionally agreeable with the annual average of 12\u00baC.<\/p>\n<h2><a href=\"http:\/\/www.pancevo.rs\/sadrzaj\/uploads\/2014\/10\/Invest-in-pancevo.jpg\"><img decoding=\"async\" class=\"aligncenter wp-image-10982 size-large\" src=\"http:\/\/www.pancevo.rs\/sadrzaj\/uploads\/2014\/10\/Invest-in-pancevo.jpg\" alt=\"Invest in pancevo\" width=\"669\" height=\"937\" \/><\/a><\/h2>\n<p>&nbsp;<\/p>\n<h2>013\u00a0 REASONS FOR INVESTMENT IN PANCEVO<\/h2>\n<ul>\n<li>18km away from the largest market and the capital of Serbia\u00a0 &#8211;\u00a0 Belgrade<\/li>\n<li>At the junction corridors X and VII<\/li>\n<li>Access to two rivers : the Danube, Tamis and Nadel, with the port on the Danube<\/li>\n<li>Close to three major centers &#8211; Belgrade, Novi Sad and Timisoara, opens access to a market of over three million people<\/li>\n<li>Agriculture area: cca\u00a0 53,187 ha<\/li>\n<li>Developed utility and road infrastructure<\/li>\n<li>Highly skilled and motivated workforce<\/li>\n<li>The long economic tradition as a symbol of reliability and success and diverse economic activity today<\/li>\n<li>Greenfield northern area &#8211; 75 ha<\/li>\n<li>Brownfield sites<\/li>\n<li>Developed network of educational, health and social care<\/li>\n<li>A rich cultural life and a host of sports and recreation<\/li>\n<li>A nice place to live, learn, work, enjoy\u00a0 and raise a family<\/li>\n<\/ul>\n<p style=\"text-align: justify;\">Since the pan-European Corridors 7 and 10 run through this region, the city of Pan\u010devo has an excellent strategic position. It has exceptional road and railway connections with Belgrade being on the regional route E70 (Belgrade-Pan\u010devo-Vr\u0161ac-Romania).<\/p>\n<p style=\"text-align: justify;\">With 2 Transdanubia bridge (Zemun-Borca and Vin\u010da-Stari grad) Pancevo city will be even more attractive for new investment.<\/p>\n<p style=\"text-align: justify;\">Also, situated at the confluence of the Tami\u0161 and the Danube rivers (on the Danube transversal of Corridor 7), LUKA DUNAV &#8211; the main port of Pan\u010devo, adds to the attractiveness of the city in terms of business locations. The Port of Pan\u010devo on the Danube is the most upstream port for river and seal vessels of maximum 5,000t load capacity, that can take in ships at any water level. The city\u2019s infrastructure is very good, with 150km length of local roads and about 300 telephone lines per 1000 inhabitants.<\/p>\n<p style=\"text-align: justify;\"><strong>Good business tradition<\/strong><\/p>\n<p style=\"text-align: justify;\">The city of Pan\u010devo was first mentioned more than 850 years ago. Many of our business institutions have a very long tradition. Our first artisan guild was founded 215 years ago. The most renowned governor of the National Bank of Serbia was Djordje Weifert from Pan\u010devo, and the oldest Balkan brewery was founded in 1722. Many industrial factories have a long continuous history like the Oil Refinery, Nitrogen Plant, Petrochemical Industry, Aircraft factory, Glassworks, textile and furniture industries dating back to the 20th century. Ever since 1905, Pan\u010devo has been a town of various state fairs, and has the oldest airport in the Balkans.<\/p>\n<p style=\"text-align: justify;\"><strong>Strong economic potential<\/strong><\/p>\n<p style=\"text-align: justify;\">The most important economic branches in our city are crude oil processing, production of plastic masses (HIP Petrochemical Complex), fertilizers (Nitrogen Plant), textile and fashion industry and agriculture.<\/p>\n<p style=\"text-align: justify;\"><strong>Direct foreign investments<\/strong><\/p>\n<p style=\"text-align: justify;\">A new package of economic reforms as well as border with EU have established a favourable environment for growing interest of potential investor.<\/p>\n","protected":false},"excerpt":{"rendered":"<p>TOP 5 REASONS TO INVEST IN PANCEVO A city with a clear vision: Strategic plan for 2014-2020; Exceptional strategic location for economic development: high-quality logistics with quick connections to corridors 7 &amp; 10, with International port &#8220;Danube&#8221; Pancevo and proximity of two largest cities: Belgrade &amp; Novi Sad; Educated and qualified workforce; Supplier support industry with a great number of SMEs; Pancevo holder of BFC SEE Certificate from 2015 Business Friendly Certification South East Europe (BFC SEE)\u00a0 is\u00a0 a unique program for improving\u00a0the quality of services and information that municipalities in the SEE region offer to companies. PANCEVO &#8211; EUROPEAN GATE OF SERBIA The City of Pan\u010devo is located in South Vojvodina, at the confluence of the Tami\u0161 and the Danube rivers, at the very edge of the Panonian Plain. It is the economic, cultural and administrative centre of South Banat and one of the most important industrial centres in<\/p>\n","protected":false},"author":2,"featured_media":0,"parent":0,"menu_order":0,"comment_status":"open","ping_status":"closed","template":"","meta":{"_cbd_carousel_blocks":"[]","footnotes":""},"class_list":["post-10981","page","type-page","status-publish","hentry"],"yoast_head":"<!-- This site is optimized with the Yoast SEO plugin v26.4 - https:\/\/yoast.com\/wordpress\/plugins\/seo\/ -->\n<title>Invest in Pancevo<\/title>\n<meta name=\"robots\" content=\"index, follow, max-snippet:-1, max-image-preview:large, max-video-preview:-1\" \/>\n<link rel=\"canonical\" href=\"https:\/\/www.pancevo.rs\/en\/invest-in-pancevo\/\" \/>\n<meta property=\"og:locale\" content=\"en_US\" \/>\n<meta property=\"og:type\" content=\"article\" \/>\n<meta property=\"og:title\" content=\"Invest in Pancevo\" \/>\n<meta property=\"og:description\" content=\"TOP 5 REASONS TO INVEST IN PANCEVO A city with a clear vision: Strategic plan for 2014-2020; Exceptional strategic location for economic development: high-quality logistics with quick connections to corridors 7 &amp; 10, with International port &#8220;Danube&#8221; Pancevo and proximity of two largest cities: Belgrade &amp; Novi Sad; Educated and qualified workforce; Supplier support industry with a great number of SMEs; Pancevo holder of BFC SEE Certificate from 2015 Business Friendly Certification South East Europe (BFC SEE)\u00a0 is\u00a0 a unique program for improving\u00a0the quality of services and information that municipalities in the SEE region offer to companies. PANCEVO &#8211; EUROPEAN GATE OF SERBIA The City of Pan\u010devo is located in South Vojvodina, at the confluence of the Tami\u0161 and the Danube rivers, at the very edge of the Panonian Plain. It is the economic, cultural and administrative centre of South Banat and one of the most important industrial centres in\" \/>\n<meta property=\"og:url\" content=\"https:\/\/www.pancevo.rs\/en\/invest-in-pancevo\/\" \/>\n<meta property=\"og:site_name\" content=\"\u0413\u0440\u0430\u0434 \u041f\u0430\u043d\u0447\u0435\u0432\u043e\" \/>\n<meta property=\"article:modified_time\" content=\"2018-01-28T20:23:12+00:00\" \/>\n<meta property=\"og:image\" content=\"http:\/\/www.pancevo.rs\/sadrzaj\/uploads\/2014\/10\/Invest-in-pancevo.jpg\" \/>\n<meta name=\"twitter:card\" content=\"summary_large_image\" \/>\n<meta name=\"twitter:label1\" content=\"Est. reading time\" \/>\n\t<meta name=\"twitter:data1\" content=\"3 minutes\" \/>\n<script type=\"application\/ld+json\" class=\"yoast-schema-graph\">{\"@context\":\"https:\/\/schema.org\",\"@graph\":[{\"@type\":\"WebPage\",\"@id\":\"https:\/\/www.pancevo.rs\/en\/invest-in-pancevo\/\",\"url\":\"https:\/\/www.pancevo.rs\/en\/invest-in-pancevo\/\",\"name\":\"Invest in Pancevo\",\"isPartOf\":{\"@id\":\"https:\/\/www.pancevo.rs\/bg\/#website\"},\"primaryImageOfPage\":{\"@id\":\"https:\/\/www.pancevo.rs\/en\/invest-in-pancevo\/#primaryimage\"},\"image\":{\"@id\":\"https:\/\/www.pancevo.rs\/en\/invest-in-pancevo\/#primaryimage\"},\"thumbnailUrl\":\"http:\/\/www.pancevo.rs\/sadrzaj\/uploads\/2014\/10\/Invest-in-pancevo.jpg\",\"datePublished\":\"2014-10-23T08:57:56+00:00\",\"dateModified\":\"2018-01-28T20:23:12+00:00\",\"breadcrumb\":{\"@id\":\"https:\/\/www.pancevo.rs\/en\/invest-in-pancevo\/#breadcrumb\"},\"inLanguage\":\"en-US\",\"potentialAction\":[{\"@type\":\"ReadAction\",\"target\":[\"https:\/\/www.pancevo.rs\/en\/invest-in-pancevo\/\"]}]},{\"@type\":\"ImageObject\",\"inLanguage\":\"en-US\",\"@id\":\"https:\/\/www.pancevo.rs\/en\/invest-in-pancevo\/#primaryimage\",\"url\":\"http:\/\/www.pancevo.rs\/sadrzaj\/uploads\/2014\/10\/Invest-in-pancevo.jpg\",\"contentUrl\":\"http:\/\/www.pancevo.rs\/sadrzaj\/uploads\/2014\/10\/Invest-in-pancevo.jpg\"},{\"@type\":\"BreadcrumbList\",\"@id\":\"https:\/\/www.pancevo.rs\/en\/invest-in-pancevo\/#breadcrumb\",\"itemListElement\":[{\"@type\":\"ListItem\",\"position\":1,\"name\":\"Home\",\"item\":\"https:\/\/www.pancevo.rs\/en\/\"},{\"@type\":\"ListItem\",\"position\":2,\"name\":\"Invest in Pancevo\"}]},{\"@type\":\"WebSite\",\"@id\":\"https:\/\/www.pancevo.rs\/bg\/#website\",\"url\":\"https:\/\/www.pancevo.rs\/bg\/\",\"name\":\"\u0413\u0440\u0430\u0434 \u041f\u0430\u043d\u0447\u0435\u0432\u043e\",\"description\":\"\u0417\u0432\u0430\u043d\u0438\u0447\u043d\u0430 \u043f\u0440\u0435\u0437\u0435\u043d\u0442\u0430\u0446\u0438\u0458\u0430 \u0413\u0440\u0430\u0434\u0430 \u041f\u0430\u043d\u0447\u0435\u0432\u0430\",\"potentialAction\":[{\"@type\":\"SearchAction\",\"target\":{\"@type\":\"EntryPoint\",\"urlTemplate\":\"https:\/\/www.pancevo.rs\/bg\/?s={search_term_string}\"},\"query-input\":{\"@type\":\"PropertyValueSpecification\",\"valueRequired\":true,\"valueName\":\"search_term_string\"}}],\"inLanguage\":\"en-US\"}]}<\/script>\n<!-- \/ Yoast SEO plugin. -->","yoast_head_json":{"title":"Invest in Pancevo","robots":{"index":"index","follow":"follow","max-snippet":"max-snippet:-1","max-image-preview":"max-image-preview:large","max-video-preview":"max-video-preview:-1"},"canonical":"https:\/\/www.pancevo.rs\/en\/invest-in-pancevo\/","og_locale":"en_US","og_type":"article","og_title":"Invest in Pancevo","og_description":"TOP 5 REASONS TO INVEST IN PANCEVO A city with a clear vision: Strategic plan for 2014-2020; Exceptional strategic location for economic development: high-quality logistics with quick connections to corridors 7 &amp; 10, with International port &#8220;Danube&#8221; Pancevo and proximity of two largest cities: Belgrade &amp; Novi Sad; Educated and qualified workforce; Supplier support industry with a great number of SMEs; Pancevo holder of BFC SEE Certificate from 2015 Business Friendly Certification South East Europe (BFC SEE)\u00a0 is\u00a0 a unique program for improving\u00a0the quality of services and information that municipalities in the SEE region offer to companies. PANCEVO &#8211; EUROPEAN GATE OF SERBIA The City of Pan\u010devo is located in South Vojvodina, at the confluence of the Tami\u0161 and the Danube rivers, at the very edge of the Panonian Plain. It is the economic, cultural and administrative centre of South Banat and one of the most important industrial centres in","og_url":"https:\/\/www.pancevo.rs\/en\/invest-in-pancevo\/","og_site_name":"\u0413\u0440\u0430\u0434 \u041f\u0430\u043d\u0447\u0435\u0432\u043e","article_modified_time":"2018-01-28T20:23:12+00:00","og_image":[{"url":"http:\/\/www.pancevo.rs\/sadrzaj\/uploads\/2014\/10\/Invest-in-pancevo.jpg","type":"","width":"","height":""}],"twitter_card":"summary_large_image","twitter_misc":{"Est. reading time":"3 minutes"},"schema":{"@context":"https:\/\/schema.org","@graph":[{"@type":"WebPage","@id":"https:\/\/www.pancevo.rs\/en\/invest-in-pancevo\/","url":"https:\/\/www.pancevo.rs\/en\/invest-in-pancevo\/","name":"Invest in Pancevo","isPartOf":{"@id":"https:\/\/www.pancevo.rs\/bg\/#website"},"primaryImageOfPage":{"@id":"https:\/\/www.pancevo.rs\/en\/invest-in-pancevo\/#primaryimage"},"image":{"@id":"https:\/\/www.pancevo.rs\/en\/invest-in-pancevo\/#primaryimage"},"thumbnailUrl":"http:\/\/www.pancevo.rs\/sadrzaj\/uploads\/2014\/10\/Invest-in-pancevo.jpg","datePublished":"2014-10-23T08:57:56+00:00","dateModified":"2018-01-28T20:23:12+00:00","breadcrumb":{"@id":"https:\/\/www.pancevo.rs\/en\/invest-in-pancevo\/#breadcrumb"},"inLanguage":"en-US","potentialAction":[{"@type":"ReadAction","target":["https:\/\/www.pancevo.rs\/en\/invest-in-pancevo\/"]}]},{"@type":"ImageObject","inLanguage":"en-US","@id":"https:\/\/www.pancevo.rs\/en\/invest-in-pancevo\/#primaryimage","url":"http:\/\/www.pancevo.rs\/sadrzaj\/uploads\/2014\/10\/Invest-in-pancevo.jpg","contentUrl":"http:\/\/www.pancevo.rs\/sadrzaj\/uploads\/2014\/10\/Invest-in-pancevo.jpg"},{"@type":"BreadcrumbList","@id":"https:\/\/www.pancevo.rs\/en\/invest-in-pancevo\/#breadcrumb","itemListElement":[{"@type":"ListItem","position":1,"name":"Home","item":"https:\/\/www.pancevo.rs\/en\/"},{"@type":"ListItem","position":2,"name":"Invest in Pancevo"}]},{"@type":"WebSite","@id":"https:\/\/www.pancevo.rs\/bg\/#website","url":"https:\/\/www.pancevo.rs\/bg\/","name":"\u0413\u0440\u0430\u0434 \u041f\u0430\u043d\u0447\u0435\u0432\u043e","description":"\u0417\u0432\u0430\u043d\u0438\u0447\u043d\u0430 \u043f\u0440\u0435\u0437\u0435\u043d\u0442\u0430\u0446\u0438\u0458\u0430 \u0413\u0440\u0430\u0434\u0430 \u041f\u0430\u043d\u0447\u0435\u0432\u0430","potentialAction":[{"@type":"SearchAction","target":{"@type":"EntryPoint","urlTemplate":"https:\/\/www.pancevo.rs\/bg\/?s={search_term_string}"},"query-input":{"@type":"PropertyValueSpecification","valueRequired":true,"valueName":"search_term_string"}}],"inLanguage":"en-US"}]}},"_links":{"self":[{"href":"https:\/\/www.pancevo.rs\/en\/wp-json\/wp\/v2\/pages\/10981\/"}],"collection":[{"href":"https:\/\/www.pancevo.rs\/en\/wp-json\/wp\/v2\/pages\/"}],"about":[{"href":"https:\/\/www.pancevo.rs\/en\/wp-json\/wp\/v2\/types\/page\/"}],"author":[{"embeddable":true,"href":"https:\/\/www.pancevo.rs\/en\/wp-json\/wp\/v2\/users\/2\/"}],"replies":[{"embeddable":true,"href":"https:\/\/www.pancevo.rs\/en\/wp-json\/wp\/v2\/comments\/?post=10981"}],"version-history":[{"count":7,"href":"https:\/\/www.pancevo.rs\/en\/wp-json\/wp\/v2\/pages\/10981\/revisions\/"}],"predecessor-version":[{"id":45248,"href":"https:\/\/www.pancevo.rs\/en\/wp-json\/wp\/v2\/pages\/10981\/revisions\/45248\/"}],"wp:attachment":[{"href":"https:\/\/www.pancevo.rs\/en\/wp-json\/wp\/v2\/media\/?parent=10981"}],"curies":[{"name":"wp","href":"https:\/\/api.w.org\/{rel}","templated":true}]}}